{"id":2813,"date":"2017-01-27T09:29:22","date_gmt":"2017-01-27T09:29:22","guid":{"rendered":"https:\/\/herbspa.ee\/home-4\/"},"modified":"2022-03-16T09:08:15","modified_gmt":"2022-03-16T09:08:15","slug":"home-4","status":"publish","type":"page","link":"https:\/\/herbspa.ee\/ru\/","title":{"rendered":"Esileht"},"content":{"rendered":"<p>[vc_row][vc_column][rev_slider_vc alias=&#187;uus-esileht-rus&#187;][\/vc_column][\/vc_row][vc_row content_placement=&#187;middle&#187; css=&#187;.vc_custom_1551424788068{margin-top: 40px !important;}&#187;][vc_column width=&#187;1\/3&#8243;]<div style=\"background-color:;height: 10px\" class=\"nicdark_section  \"><\/div>\n\n  <!--START FOCUS-->\n  <div class=\"nd_options_section nd_options_position_relative  \">\n                      \n      <img decoding=\"async\" alt=\"\" class=\"nd_options_section\" src=\"https:\/\/herbspa.ee\/wp-content\/uploads\/2019\/07\/Herbsoovitab-pealeht_fokus_hover-1024x825.jpg\">\n\n      <div class=\"nd_options_bg_greydark_alpha_gradient nd_options_position_absolute nd_options_left_0 nd_options_height_100_percentage nd_options_width_100_percentage nd_options_padding_30 nd_options_box_sizing_border_box\">\n          \n          <div class=\"nd_options_display_table nd_options_width_100_percentage nd_options_height_100_percentage nd_options_text_align_center\">\n          \n              <div class=\"nd_options_display_table_cell nd_options_vertical_align_bottom\">\n            \n                <a rel=\"\" title=\"Herb Spa \u0440\u0435\u043a\u043e\u043c\u0435\u043d\u0434\u0443\u0435\u0442\" target=\"_self\" class=\"nd_options_color_white\" href=\"https:\/\/herbspa.ee\/ru\/herb-spa-%d1%80%d0%b5%d0%ba%d0%be%d0%bc%d0%b5%d0%bd%d0%b4%d1%83%d0%b5%d1%82\/\">\n                  <h4 class=\"nd_options_margin_0_important nd_options_color_white nd_options_color_white nd_options_second_font nd_options_letter_spacing_3 nd_options_font_weight_lighter\">\n                    HERB SPA \u0420\u0415\u041a\u041e\u041c\u0415\u041d\u0414\u0423\u0415\u0422\n                  <\/h4>\n                <\/a>\n\n              <\/div>\n\n          <\/div>\n\n      <\/div>\n\n  <\/div>\n  <!--END FOCUS-->\n                \n\n   <div style=\"background-color:;height: 10px\" class=\"nicdark_section  \"><\/div>[\/vc_column][vc_column width=&#187;1\/3&#8243; css=&#187;.vc_custom_1562075317898{background-image: url(https:\/\/herbspa.ee\/wp-content\/uploads\/2019\/07\/aaaaaaa.jpg?id=3416) !important;}&#187;]<div style=\"background-color:;height: 50px\" class=\"nicdark_section  \"><\/div>[vc_column_text]<\/p>\n<p style=\"text-align: center;\"><span style=\"color: #ffffff;\">\u041e \u041d\u0410\u0421<\/span><\/p>\n<p style=\"text-align: center;\"><span style=\"color: #ffffff;\">\u0412 \u043e\u0431\u044a\u044f\u0442\u0438\u044f\u0445 \u042d\u043c\u0430\u0439\u044b\u0433\u0438 \u0438 \u043a\u0430\u0448\u0442\u0430\u043d\u043e\u0432\u044b\u0445 \u0434\u0435\u0440\u0435\u0432\u044c\u0435\u0432 Herb Spa \u0432 \u0422\u0430\u0440\u0442\u0443 \u043f\u0440\u0435\u0434\u043b\u0430\u0433\u0430\u0435\u0442 \u0434\u043e\u0441\u0442\u043e\u0439\u043d\u044b\u0439 \u043e\u0442\u0434\u044b\u0445 \u0438 \u043f\u0440\u0438\u0432\u0430\u0442\u043d\u043e\u0441\u0442\u044c. \u041d\u0430\u0448\u0438 \u0442\u0449\u0430\u0442\u0435\u043b\u044c\u043d\u043e \u043e\u0442\u043e\u0431\u0440\u0430\u043d\u043d\u044b\u0435 \u0440\u0438\u0442\u0443\u0430\u043b\u044b \u043f\u043e\u043c\u043e\u0433\u0443\u0442 \u043e\u0442\u0434\u044b\u0445\u0430\u044e\u0449\u0438\u043c \u0440\u0430\u0441\u0441\u043b\u0430\u0431\u0438\u0442\u044c\u0441\u044f \u0438 \u043e\u0431\u0440\u0435\u0441\u0442\u0438 \u0440\u0430\u0432\u043d\u043e\u0432\u0435\u0441\u0438\u0435. \u0412 \u0441\u043f\u0430 \u0433\u0430\u0440\u043c\u043e\u043d\u0438\u0447\u043d\u043e \u0441\u043e\u0447\u0435\u0442\u0430\u044e\u0442\u0441\u044f \u0434\u0440\u0435\u0432\u043d\u0438\u0435 \u0442\u0440\u0430\u0434\u0438\u0446\u0438\u0438, \u0441\u043e\u0432\u0440\u0435\u043c\u0435\u043d\u043d\u0430\u044f \u043c\u0443\u0434\u0440\u043e\u0441\u0442\u044c \u0438 \u0440\u0435\u0441\u043f\u0435\u043a\u0442\u0430\u0431\u0435\u043b\u044c\u043d\u043e\u0435 \u043e\u0431\u0441\u043b\u0443\u0436\u0438\u0432\u0430\u043d\u0438\u0435!<\/span><\/p>\n<p>[\/vc_column_text]<div style=\"background-color:;height: 50px\" class=\"nicdark_section  \"><\/div>[\/vc_column][vc_column width=&#187;1\/3&#8243;]<div style=\"background-color:;height: 10px\" class=\"nicdark_section  \"><\/div>\n\n  <!--START FOCUS-->\n  <div class=\"nd_options_section nd_options_position_relative  \">\n                      \n      <img decoding=\"async\" alt=\"\" class=\"nd_options_section\" src=\"https:\/\/herbspa.ee\/wp-content\/uploads\/2019\/07\/paketid_fokus_hover-1024x825.jpg\">\n\n      <div class=\"nd_options_bg_greydark_alpha_gradient nd_options_position_absolute nd_options_left_0 nd_options_height_100_percentage nd_options_width_100_percentage nd_options_padding_30 nd_options_box_sizing_border_box\">\n          \n          <div class=\"nd_options_display_table nd_options_width_100_percentage nd_options_height_100_percentage nd_options_text_align_center\">\n          \n              <div class=\"nd_options_display_table_cell nd_options_vertical_align_bottom\">\n            \n                <a rel=\"\" title=\"Paketid\" target=\"_self\" class=\"nd_options_color_white\" href=\"https:\/\/herbspa.ee\/ru\/paketid\/\">\n                  <h4 class=\"nd_options_margin_0_important nd_options_color_white nd_options_color_white nd_options_second_font nd_options_letter_spacing_3 nd_options_font_weight_lighter\">\n                    \u041f\u0410\u041a\u0415\u0422\u042b\n                  <\/h4>\n                <\/a>\n\n              <\/div>\n\n          <\/div>\n\n      <\/div>\n\n  <\/div>\n  <!--END FOCUS-->\n                \n\n   <div style=\"background-color:;height: 10px\" class=\"nicdark_section  \"><\/div>[\/vc_column][\/vc_row][vc_row css=&#187;.vc_custom_1551424795366{margin-top: 60px !important;}&#187;][vc_column] <h4 style=\"color:#a3a3a3;padding:px;text-align:center;font-size:17px;line-height:17px;letter-spacing: 3px;font-weight:lighter\" class=\"   nd_options_second_font \">Herb Spa \u0432 \u0422\u0430\u0440\u0442\u0443<\/h4> <div style=\"background-color:;height: 10px\" class=\"nicdark_section  \"><\/div> <h1 style=\"color:;padding:px;text-align:center;font-size:40px;line-height:40px;letter-spacing: px;font-weight:bold\" class=\"   nd_options_first_font \">\u0423\u0445\u043e\u0434\u044b<\/h1> [\/vc_column][\/vc_row][vc_row css=&#187;.vc_custom_1551424801747{margin-top: 50px !important;}&#187;][vc_column width=&#187;1\/4&#8243; css=&#187;.vc_custom_1485526406679{margin-top: 10px !important;margin-bottom: 10px !important;}&#187;]\n\n  <!--START FOCUS-->\n  <div class=\"nd_options_section nd_options_position_relative face_heading \">\n                      \n      <img decoding=\"async\" alt=\"\" class=\"nd_options_section\" src=\"https:\/\/herbspa.ee\/wp-content\/uploads\/2019\/07\/naohoolitsused_fokus_pealeht_hover-1024x737.jpg\">\n\n      <div class=\"nd_options_bg_greydark_alpha_gradient nd_options_position_absolute nd_options_left_0 nd_options_height_100_percentage nd_options_width_100_percentage nd_options_padding_30 nd_options_box_sizing_border_box\">\n          \n          <div class=\"nd_options_display_table nd_options_width_100_percentage nd_options_height_100_percentage nd_options_text_align_center\">\n          \n              <div class=\"nd_options_display_table_cell nd_options_vertical_align_bottom\">\n            \n                <a rel=\"\" title=\"N\u00e4ohoolitsused\" target=\"_self\" class=\"nd_options_color_white\" href=\"https:\/\/herbspa.ee\/ru\/%d1%83%d1%85%d0%be%d0%b4%d1%8b-%d0%b4%d0%bb%d1%8f-%d0%bb%d0%b8%d1%86%d0%b0\/\">\n                  <h4 class=\"nd_options_margin_0_important nd_options_color_white nd_options_color_white nd_options_second_font nd_options_letter_spacing_3 nd_options_font_weight_lighter\">\n                    \u0414\u041b\u042f \u041b\u0418\u0426\u0410\n                  <\/h4>\n                <\/a>\n\n              <\/div>\n\n          <\/div>\n\n      <\/div>\n\n  <\/div>\n  <!--END FOCUS-->\n                \n\n   <div style=\"background-color:;height: 30px\" class=\"nicdark_section  \"><\/div>\n\n  <!--START FOCUS-->\n  <div class=\"nd_options_section nd_options_position_relative face_heading \">\n                      \n      <img decoding=\"async\" alt=\"\" class=\"nd_options_section\" src=\"https:\/\/herbspa.ee\/wp-content\/uploads\/2019\/07\/kehahoolitsused_fokus_pealeh_hovert-1024x737.jpg\">\n\n      <div class=\"nd_options_bg_greydark_alpha_gradient nd_options_position_absolute nd_options_left_0 nd_options_height_100_percentage nd_options_width_100_percentage nd_options_padding_30 nd_options_box_sizing_border_box\">\n          \n          <div class=\"nd_options_display_table nd_options_width_100_percentage nd_options_height_100_percentage nd_options_text_align_center\">\n          \n              <div class=\"nd_options_display_table_cell nd_options_vertical_align_bottom\">\n            \n                <a rel=\"\" title=\"\u0423\u0445\u043e\u0434\u044b \u0434\u043b\u044f \u0442\u0435\u043b\u0430\" target=\"_self\" class=\"nd_options_color_white\" href=\"https:\/\/herbspa.ee\/ru\/%d1%83%d1%85%d0%be%d0%b4%d1%8b-%d0%b4%d0%bb%d1%8f-%d1%82%d0%b5%d0%bb%d0%b0\/\">\n                  <h4 class=\"nd_options_margin_0_important nd_options_color_white nd_options_color_white nd_options_second_font nd_options_letter_spacing_3 nd_options_font_weight_lighter\">\n                    \u0414\u041b\u042f \u0422\u0415\u041b\u0410\n                  <\/h4>\n                <\/a>\n\n              <\/div>\n\n          <\/div>\n\n      <\/div>\n\n  <\/div>\n  <!--END FOCUS-->\n                \n\n   [\/vc_column][vc_column width=&#187;2\/4&#8243; css=&#187;.vc_custom_1485449123913{margin-top: 10px !important;margin-bottom: 10px !important;}&#187;]\n\n  <!--START FOCUS-->\n  <div class=\"nd_options_section nd_options_position_relative face_heading \">\n                      \n      <img decoding=\"async\" alt=\"\" class=\"nd_options_section\" src=\"https:\/\/herbspa.ee\/wp-content\/uploads\/2019\/07\/massaazid_fokus_pealeht_1470x1080hover-1024x752.jpg\">\n\n      <div class=\"nd_options_bg_greydark_alpha_gradient nd_options_position_absolute nd_options_left_0 nd_options_height_100_percentage nd_options_width_100_percentage nd_options_padding_30 nd_options_box_sizing_border_box\">\n          \n          <div class=\"nd_options_display_table nd_options_width_100_percentage nd_options_height_100_percentage nd_options_text_align_center\">\n          \n              <div class=\"nd_options_display_table_cell nd_options_vertical_align_bottom\">\n            \n                <a rel=\"\" title=\"Massaa\u017eid\" target=\"_self\" class=\"nd_options_color_white\" href=\"https:\/\/herbspa.ee\/ru\/%d0%bc%d0%b0%d1%81%d1%81%d0%b0%d0%b6%d0%b8\/\">\n                  <h4 class=\"nd_options_margin_0_important nd_options_color_white nd_options_color_white nd_options_second_font nd_options_letter_spacing_3 nd_options_font_weight_lighter\">\n                    \u041c\u0410\u0421\u0421\u0410\u0416\u0418\n                  <\/h4>\n                <\/a>\n\n              <\/div>\n\n          <\/div>\n\n      <\/div>\n\n  <\/div>\n  <!--END FOCUS-->\n                \n\n   [\/vc_column][vc_column width=&#187;1\/4&#8243; css=&#187;.vc_custom_1485526418518{margin-top: 10px !important;margin-bottom: 10px !important;}&#187;]\n\n  <!--START FOCUS-->\n  <div class=\"nd_options_section nd_options_position_relative face_heading \">\n                      \n      <img decoding=\"async\" alt=\"\" class=\"nd_options_section\" src=\"https:\/\/herbspa.ee\/wp-content\/uploads\/2019\/07\/Kaed-jalad_fokus_pealeht_hover-1024x737.jpg\">\n\n      <div class=\"nd_options_bg_greydark_alpha_gradient nd_options_position_absolute nd_options_left_0 nd_options_height_100_percentage nd_options_width_100_percentage nd_options_padding_30 nd_options_box_sizing_border_box\">\n          \n          <div class=\"nd_options_display_table nd_options_width_100_percentage nd_options_height_100_percentage nd_options_text_align_center\">\n          \n              <div class=\"nd_options_display_table_cell nd_options_vertical_align_bottom\">\n            \n                <a rel=\"\" title=\"\u0423\u0445\u043e\u0434\u044b \u0434\u043b\u044f \u0440\u0443\u043a \u0438 \u043d\u043e\u0433\" target=\"_self\" class=\"nd_options_color_white\" href=\"https:\/\/herbspa.ee\/ru\/%d1%83%d1%85%d0%be%d0%b4%d1%8b-%d0%b4%d0%bb%d1%8f-%d1%80%d1%83%d0%ba-%d0%b8-%d0%bd%d0%be%d0%b3\/\">\n                  <h4 class=\"nd_options_margin_0_important nd_options_color_white nd_options_color_white nd_options_second_font nd_options_letter_spacing_3 nd_options_font_weight_lighter\">\n                    \u0414\u041b\u042f \u0420\u0423\u041a \u0418 \u041d\u041e\u0413\n                  <\/h4>\n                <\/a>\n\n              <\/div>\n\n          <\/div>\n\n      <\/div>\n\n  <\/div>\n  <!--END FOCUS-->\n                \n\n   <div style=\"background-color:;height: 30px\" class=\"nicdark_section  \"><\/div>\n\n  <!--START FOCUS-->\n  <div class=\"nd_options_section nd_options_position_relative face_heading \">\n                      \n      <img decoding=\"async\" alt=\"\" class=\"nd_options_section\" src=\"https:\/\/herbspa.ee\/wp-content\/uploads\/2019\/07\/Vannihoolitsused_fokus_pealeht_hover-1024x737.jpg\">\n\n      <div class=\"nd_options_bg_greydark_alpha_gradient nd_options_position_absolute nd_options_left_0 nd_options_height_100_percentage nd_options_width_100_percentage nd_options_padding_30 nd_options_box_sizing_border_box\">\n          \n          <div class=\"nd_options_display_table nd_options_width_100_percentage nd_options_height_100_percentage nd_options_text_align_center\">\n          \n              <div class=\"nd_options_display_table_cell nd_options_vertical_align_bottom\">\n            \n                <a rel=\"\" title=\"\u0423\u0445\u043e\u0434\u044b \u0432 \u0432\u0430\u043d\u043d\u0435\" target=\"_self\" class=\"nd_options_color_white\" href=\"https:\/\/herbspa.ee\/ru\/%d1%83%d1%85%d0%be%d0%b4%d1%8b-%d0%b2-%d0%b2%d0%b0%d0%bd%d0%bd%d0%b5\/\">\n                  <h4 class=\"nd_options_margin_0_important nd_options_color_white nd_options_color_white nd_options_second_font nd_options_letter_spacing_3 nd_options_font_weight_lighter\">\n                    \u0423\u0425\u041e\u0414\u042b \u0412 \u0412\u0410\u041d\u041d\u0415\n                  <\/h4>\n                <\/a>\n\n              <\/div>\n\n          <\/div>\n\n      <\/div>\n\n  <\/div>\n  <!--END FOCUS-->\n                \n\n   [\/vc_column][\/vc_row]<\/p>\n","protected":false},"excerpt":{"rendered":"<p>[vc_row][vc_column][rev_slider_vc alias=&#187;uus-esileht-rus&#187;][\/vc_column][\/vc_row][vc_row content_placement=&#187;middle&#187; css=&#187;.vc_custom_1551424788068{margin-top: 40px !important;}&#187;][vc_column width=&#187;1\/3&#8243;][\/vc_column][vc_column width=&#187;1\/3&#8243; css=&#187;.vc_custom_1562075317898{background-image: url(https:\/\/herbspa.ee\/wp-content\/uploads\/2019\/07\/aaaaaaa.jpg?id=3416) !important;}&#187;][vc_column_text] \u041e \u041d\u0410\u0421 \u0412 \u043e\u0431\u044a\u044f\u0442\u0438\u044f\u0445 \u042d\u043c\u0430\u0439\u044b\u0433\u0438 \u0438 \u043a\u0430\u0448\u0442\u0430\u043d\u043e\u0432\u044b\u0445 \u0434\u0435\u0440\u0435\u0432\u044c\u0435\u0432 Herb Spa \u0432 \u0422\u0430\u0440\u0442\u0443 \u043f\u0440\u0435\u0434\u043b\u0430\u0433\u0430\u0435\u0442 \u0434\u043e\u0441\u0442\u043e\u0439\u043d\u044b\u0439 \u043e\u0442\u0434\u044b\u0445 \u0438 \u043f\u0440\u0438\u0432\u0430\u0442\u043d\u043e\u0441\u0442\u044c. \u041d\u0430\u0448\u0438 \u0442\u0449\u0430\u0442\u0435\u043b\u044c\u043d\u043e \u043e\u0442\u043e\u0431\u0440\u0430\u043d\u043d\u044b\u0435 \u0440\u0438\u0442\u0443\u0430\u043b\u044b \u043f\u043e\u043c\u043e\u0433\u0443\u0442 \u043e\u0442\u0434\u044b\u0445\u0430\u044e\u0449\u0438\u043c \u0440\u0430\u0441\u0441\u043b\u0430\u0431\u0438\u0442\u044c\u0441\u044f \u0438 \u043e\u0431\u0440\u0435\u0441\u0442\u0438 \u0440\u0430\u0432\u043d\u043e\u0432\u0435\u0441\u0438\u0435. \u0412 \u0441\u043f\u0430 \u0433\u0430\u0440\u043c\u043e\u043d\u0438\u0447\u043d\u043e \u0441\u043e\u0447\u0435\u0442\u0430\u044e\u0442\u0441\u044f \u0434\u0440\u0435\u0432\u043d\u0438\u0435 \u0442\u0440\u0430\u0434\u0438\u0446\u0438\u0438, \u0441\u043e\u0432\u0440\u0435\u043c\u0435\u043d\u043d\u0430\u044f \u043c\u0443\u0434\u0440\u043e\u0441\u0442\u044c \u0438 \u0440\u0435\u0441\u043f\u0435\u043a\u0442\u0430\u0431\u0435\u043b\u044c\u043d\u043e\u0435 \u043e\u0431\u0441\u043b\u0443\u0436\u0438\u0432\u0430\u043d\u0438\u0435! [\/vc_column_text][\/vc_column][vc_column width=&#187;1\/3&#8243;][\/vc_column][\/vc_row][vc_row css=&#187;.vc_custom_1551424795366{margin-top: 60px !important;}&#187;][vc_column][\/vc_column][\/vc_row][vc_row css=&#187;.vc_custom_1551424801747{margin-top: [&hellip;]<\/p>\n","protected":false},"author":1,"featured_media":3210,"parent":0,"menu_order":39,"comment_status":"closed","ping_status":"closed","template":"","meta":{"_acf_changed":false,"footnotes":""},"class_list":["post-2813","page","type-page","status-publish","has-post-thumbnail","hentry"],"acf":[],"yoast_head":"<!-- This site is optimized with the Yoast SEO plugin v27.2 - https:\/\/yoast.com\/product\/yoast-seo-wordpress\/ -->\n<title>Spa Tartus |\u00a0Uus Herb Spa Tartus |\u00a0Massaa\u017eid, manik\u00fc\u00fcr, pedik\u00fc\u00fcr<\/title>\n<meta name=\"description\" content=\"Uus Herb Spa Tartus ootab teid. Herb Spa on pakkumas va\u0308a\u0308rilist rahu ja privaatsust. Teid ootavad massaa\u017eid, keha- ja n\u00e4ohoolitsused..\" \/>\n<meta name=\"robots\" content=\"index, follow, max-snippet:-1, max-image-preview:large, max-video-preview:-1\" \/>\n<link rel=\"canonical\" href=\"https:\/\/herbspa.ee\/ru\/\" \/>\n<meta property=\"og:locale\" content=\"ru_RU\" \/>\n<meta property=\"og:type\" content=\"article\" \/>\n<meta property=\"og:title\" content=\"Herb Spa Tartus\" \/>\n<meta property=\"og:description\" content=\"Uus spa Tartus avas oma uksed m\u00e4rtsis. Herb Spa on pakkumas va\u0308a\u0308rilist rahu ja privaatsust. Teid ootavad massaa\u017eid, keha- ja n\u00e4ohoolitsused, manik\u00fc\u00fcr, pedik\u00fc\u00fcr..\" \/>\n<meta property=\"og:url\" content=\"https:\/\/herbspa.ee\/ru\/\" \/>\n<meta property=\"og:site_name\" content=\"Herb Spa\" \/>\n<meta property=\"article:publisher\" content=\"https:\/\/www.facebook.com\/Herbspa.Dorpat\/\" \/>\n<meta property=\"article:modified_time\" content=\"2022-03-16T09:08:15+00:00\" \/>\n<meta property=\"og:image\" content=\"https:\/\/herbspa.ee\/wp-content\/uploads\/2019\/06\/HerbSpa_06May2019_094_fotoJarekJo\u0303epera_ekraanile.jpg\" \/>\n\t<meta property=\"og:image:width\" content=\"1920\" \/>\n\t<meta property=\"og:image:height\" content=\"1080\" \/>\n\t<meta property=\"og:image:type\" content=\"image\/jpeg\" \/>\n<meta name=\"twitter:card\" content=\"summary_large_image\" \/>\n<meta name=\"twitter:label1\" content=\"\u041f\u0440\u0438\u043c\u0435\u0440\u043d\u043e\u0435 \u0432\u0440\u0435\u043c\u044f \u0434\u043b\u044f \u0447\u0442\u0435\u043d\u0438\u044f\" \/>\n\t<meta name=\"twitter:data1\" content=\"1 \u043c\u0438\u043d\u0443\u0442\u0430\" \/>\n<script type=\"application\/ld+json\" class=\"yoast-schema-graph\">{\"@context\":\"https:\/\/schema.org\",\"@graph\":[{\"@type\":\"WebPage\",\"@id\":\"https:\/\/herbspa.ee\/ru\/\",\"url\":\"https:\/\/herbspa.ee\/ru\/\",\"name\":\"Spa Tartus |\u00a0Uus Herb Spa Tartus |\u00a0Massaa\u017eid, manik\u00fc\u00fcr, pedik\u00fc\u00fcr\",\"isPartOf\":{\"@id\":\"https:\/\/herbspa.ee\/#website\"},\"primaryImageOfPage\":{\"@id\":\"https:\/\/herbspa.ee\/ru\/#primaryimage\"},\"image\":{\"@id\":\"https:\/\/herbspa.ee\/ru\/#primaryimage\"},\"thumbnailUrl\":\"https:\/\/herbspa.ee\/wp-content\/uploads\/2019\/07\/paketid_fokus_hover.jpg\",\"datePublished\":\"2017-01-27T09:29:22+00:00\",\"dateModified\":\"2022-03-16T09:08:15+00:00\",\"description\":\"Uus Herb Spa Tartus ootab teid. Herb Spa on pakkumas va\u0308a\u0308rilist rahu ja privaatsust. Teid ootavad massaa\u017eid, keha- ja n\u00e4ohoolitsused..\",\"breadcrumb\":{\"@id\":\"https:\/\/herbspa.ee\/ru\/#breadcrumb\"},\"inLanguage\":\"ru-RU\",\"potentialAction\":[{\"@type\":\"ReadAction\",\"target\":[\"https:\/\/herbspa.ee\/ru\/\"]}]},{\"@type\":\"ImageObject\",\"inLanguage\":\"ru-RU\",\"@id\":\"https:\/\/herbspa.ee\/ru\/#primaryimage\",\"url\":\"https:\/\/herbspa.ee\/wp-content\/uploads\/2019\/07\/paketid_fokus_hover.jpg\",\"contentUrl\":\"https:\/\/herbspa.ee\/wp-content\/uploads\/2019\/07\/paketid_fokus_hover.jpg\",\"width\":1340,\"height\":1080},{\"@type\":\"BreadcrumbList\",\"@id\":\"https:\/\/herbspa.ee\/ru\/#breadcrumb\",\"itemListElement\":[{\"@type\":\"ListItem\",\"position\":1,\"name\":\"Home\",\"item\":\"https:\/\/herbspa.ee\/ru\/\"},{\"@type\":\"ListItem\",\"position\":2,\"name\":\"Esileht\"}]},{\"@type\":\"WebSite\",\"@id\":\"https:\/\/herbspa.ee\/#website\",\"url\":\"https:\/\/herbspa.ee\/\",\"name\":\"Herb Spa\",\"description\":\"\",\"publisher\":{\"@id\":\"https:\/\/herbspa.ee\/#organization\"},\"potentialAction\":[{\"@type\":\"SearchAction\",\"target\":{\"@type\":\"EntryPoint\",\"urlTemplate\":\"https:\/\/herbspa.ee\/?s={search_term_string}\"},\"query-input\":{\"@type\":\"PropertyValueSpecification\",\"valueRequired\":true,\"valueName\":\"search_term_string\"}}],\"inLanguage\":\"ru-RU\"},{\"@type\":\"Organization\",\"@id\":\"https:\/\/herbspa.ee\/#organization\",\"name\":\"Herb Spa\",\"url\":\"https:\/\/herbspa.ee\/\",\"logo\":{\"@type\":\"ImageObject\",\"inLanguage\":\"ru-RU\",\"@id\":\"https:\/\/herbspa.ee\/#\/schema\/logo\/image\/\",\"url\":\"https:\/\/herbspa.ee\/wp-content\/uploads\/2026\/04\/Herb-Spa-logo.png\",\"contentUrl\":\"https:\/\/herbspa.ee\/wp-content\/uploads\/2026\/04\/Herb-Spa-logo.png\",\"width\":204,\"height\":203,\"caption\":\"Herb Spa\"},\"image\":{\"@id\":\"https:\/\/herbspa.ee\/#\/schema\/logo\/image\/\"},\"sameAs\":[\"https:\/\/www.facebook.com\/Herbspa.Dorpat\/\",\"https:\/\/www.instagram.com\/herb.spa\/\"]}]}<\/script>\n<!-- \/ Yoast SEO plugin. -->","yoast_head_json":{"title":"Spa Tartus |\u00a0Uus Herb Spa Tartus |\u00a0Massaa\u017eid, manik\u00fc\u00fcr, pedik\u00fc\u00fcr","description":"Uus Herb Spa Tartus ootab teid. Herb Spa on pakkumas va\u0308a\u0308rilist rahu ja privaatsust. Teid ootavad massaa\u017eid, keha- ja n\u00e4ohoolitsused..","robots":{"index":"index","follow":"follow","max-snippet":"max-snippet:-1","max-image-preview":"max-image-preview:large","max-video-preview":"max-video-preview:-1"},"canonical":"https:\/\/herbspa.ee\/ru\/","og_locale":"ru_RU","og_type":"article","og_title":"Herb Spa Tartus","og_description":"Uus spa Tartus avas oma uksed m\u00e4rtsis. Herb Spa on pakkumas va\u0308a\u0308rilist rahu ja privaatsust. Teid ootavad massaa\u017eid, keha- ja n\u00e4ohoolitsused, manik\u00fc\u00fcr, pedik\u00fc\u00fcr..","og_url":"https:\/\/herbspa.ee\/ru\/","og_site_name":"Herb Spa","article_publisher":"https:\/\/www.facebook.com\/Herbspa.Dorpat\/","article_modified_time":"2022-03-16T09:08:15+00:00","og_image":[{"width":1920,"height":1080,"url":"https:\/\/herbspa.ee\/wp-content\/uploads\/2019\/06\/HerbSpa_06May2019_094_fotoJarekJo\u0303epera_ekraanile.jpg","type":"image\/jpeg"}],"twitter_card":"summary_large_image","twitter_misc":{"\u041f\u0440\u0438\u043c\u0435\u0440\u043d\u043e\u0435 \u0432\u0440\u0435\u043c\u044f \u0434\u043b\u044f \u0447\u0442\u0435\u043d\u0438\u044f":"1 \u043c\u0438\u043d\u0443\u0442\u0430"},"schema":{"@context":"https:\/\/schema.org","@graph":[{"@type":"WebPage","@id":"https:\/\/herbspa.ee\/ru\/","url":"https:\/\/herbspa.ee\/ru\/","name":"Spa Tartus |\u00a0Uus Herb Spa Tartus |\u00a0Massaa\u017eid, manik\u00fc\u00fcr, pedik\u00fc\u00fcr","isPartOf":{"@id":"https:\/\/herbspa.ee\/#website"},"primaryImageOfPage":{"@id":"https:\/\/herbspa.ee\/ru\/#primaryimage"},"image":{"@id":"https:\/\/herbspa.ee\/ru\/#primaryimage"},"thumbnailUrl":"https:\/\/herbspa.ee\/wp-content\/uploads\/2019\/07\/paketid_fokus_hover.jpg","datePublished":"2017-01-27T09:29:22+00:00","dateModified":"2022-03-16T09:08:15+00:00","description":"Uus Herb Spa Tartus ootab teid. Herb Spa on pakkumas va\u0308a\u0308rilist rahu ja privaatsust. Teid ootavad massaa\u017eid, keha- ja n\u00e4ohoolitsused..","breadcrumb":{"@id":"https:\/\/herbspa.ee\/ru\/#breadcrumb"},"inLanguage":"ru-RU","potentialAction":[{"@type":"ReadAction","target":["https:\/\/herbspa.ee\/ru\/"]}]},{"@type":"ImageObject","inLanguage":"ru-RU","@id":"https:\/\/herbspa.ee\/ru\/#primaryimage","url":"https:\/\/herbspa.ee\/wp-content\/uploads\/2019\/07\/paketid_fokus_hover.jpg","contentUrl":"https:\/\/herbspa.ee\/wp-content\/uploads\/2019\/07\/paketid_fokus_hover.jpg","width":1340,"height":1080},{"@type":"BreadcrumbList","@id":"https:\/\/herbspa.ee\/ru\/#breadcrumb","itemListElement":[{"@type":"ListItem","position":1,"name":"Home","item":"https:\/\/herbspa.ee\/ru\/"},{"@type":"ListItem","position":2,"name":"Esileht"}]},{"@type":"WebSite","@id":"https:\/\/herbspa.ee\/#website","url":"https:\/\/herbspa.ee\/","name":"Herb Spa","description":"","publisher":{"@id":"https:\/\/herbspa.ee\/#organization"},"potentialAction":[{"@type":"SearchAction","target":{"@type":"EntryPoint","urlTemplate":"https:\/\/herbspa.ee\/?s={search_term_string}"},"query-input":{"@type":"PropertyValueSpecification","valueRequired":true,"valueName":"search_term_string"}}],"inLanguage":"ru-RU"},{"@type":"Organization","@id":"https:\/\/herbspa.ee\/#organization","name":"Herb Spa","url":"https:\/\/herbspa.ee\/","logo":{"@type":"ImageObject","inLanguage":"ru-RU","@id":"https:\/\/herbspa.ee\/#\/schema\/logo\/image\/","url":"https:\/\/herbspa.ee\/wp-content\/uploads\/2026\/04\/Herb-Spa-logo.png","contentUrl":"https:\/\/herbspa.ee\/wp-content\/uploads\/2026\/04\/Herb-Spa-logo.png","width":204,"height":203,"caption":"Herb Spa"},"image":{"@id":"https:\/\/herbspa.ee\/#\/schema\/logo\/image\/"},"sameAs":["https:\/\/www.facebook.com\/Herbspa.Dorpat\/","https:\/\/www.instagram.com\/herb.spa\/"]}]}},"_links":{"self":[{"href":"https:\/\/herbspa.ee\/ru\/wp-json\/wp\/v2\/pages\/2813","targetHints":{"allow":["GET"]}}],"collection":[{"href":"https:\/\/herbspa.ee\/ru\/wp-json\/wp\/v2\/pages"}],"about":[{"href":"https:\/\/herbspa.ee\/ru\/wp-json\/wp\/v2\/types\/page"}],"author":[{"embeddable":true,"href":"https:\/\/herbspa.ee\/ru\/wp-json\/wp\/v2\/users\/1"}],"replies":[{"embeddable":true,"href":"https:\/\/herbspa.ee\/ru\/wp-json\/wp\/v2\/comments?post=2813"}],"version-history":[{"count":9,"href":"https:\/\/herbspa.ee\/ru\/wp-json\/wp\/v2\/pages\/2813\/revisions"}],"predecessor-version":[{"id":5054,"href":"https:\/\/herbspa.ee\/ru\/wp-json\/wp\/v2\/pages\/2813\/revisions\/5054"}],"wp:featuredmedia":[{"embeddable":true,"href":"https:\/\/herbspa.ee\/ru\/wp-json\/wp\/v2\/media\/3210"}],"wp:attachment":[{"href":"https:\/\/herbspa.ee\/ru\/wp-json\/wp\/v2\/media?parent=2813"}],"curies":[{"name":"wp","href":"https:\/\/api.w.org\/{rel}","templated":true}]}}