{"id":2405,"date":"2019-02-05T13:59:20","date_gmt":"2019-02-05T13:59:20","guid":{"rendered":"https:\/\/herbspa.ee\/fitnessruum\/"},"modified":"2019-07-01T09:18:35","modified_gmt":"2019-07-01T09:18:35","slug":"kuntosali","status":"publish","type":"page","link":"https:\/\/herbspa.ee\/fi\/kuntosali\/","title":{"rendered":"Kuntosali"},"content":{"rendered":"<p>[vc_row css=&#8221;.vc_custom_1549375564643{margin-top: 20px !important;}&#8221;][vc_column width=&#8221;1\/2&#8243;][vc_column_text]<\/p>\n<div class=\"page\" title=\"Page 19\">\n<div class=\"layoutArea\">\n<div class=\"column\">\n<p>Kuntosali on tarkoitettu itsen\u00e4iselle kuntoilijalle ja siell\u00e4 voi k\u00e4ytt\u00e4\u00e4 juoksumattoa, soutulaitetta ja erilaisia kuntoiluv\u00e4lineit\u00e4. Virtuaalivalmentaja tarjoaa erinomaisen mahdollisuuden valita itselleen sopiva treeni.<\/p>\n<p>Kuntosali on avoinna Dorpat Hotellin vieraille 24 h ja sis\u00e4ltyy majoituksen hintaan.<\/p>\n<\/div>\n<\/div>\n<\/div>\n<p>[\/vc_column_text][\/vc_column][vc_column width=&#8221;1\/2&#8243;][vc_single_image image=&#8221;3154&#8243; img_size=&#8221;600&#215;400&#8243; alignment=&#8221;center&#8221; style=&#8221;vc_box_shadow&#8221; onclick=&#8221;zoom&#8221;][\/vc_column][\/vc_row][vc_row][vc_column width=&#8221;1\/3&#8243;]\n\n  <!--START FOCUS-->\n  <div class=\"nd_options_section nd_options_position_relative  \">\n                      \n      <img decoding=\"async\" alt=\"\" class=\"nd_options_section\" src=\"https:\/\/herbspa.ee\/wp-content\/uploads\/2019\/07\/paketid_fokus_hover-1024x825.jpg\">\n\n      <div class=\"nd_options_bg_greydark_alpha_gradient nd_options_position_absolute nd_options_left_0 nd_options_height_100_percentage nd_options_width_100_percentage nd_options_padding_30 nd_options_box_sizing_border_box\">\n          \n          <div class=\"nd_options_display_table nd_options_width_100_percentage nd_options_height_100_percentage nd_options_text_align_center\">\n          \n              <div class=\"nd_options_display_table_cell nd_options_vertical_align_bottom\">\n            \n                <a rel=\"\" title=\"Paketti varaus\" target=\"_self\" class=\"nd_options_color_white\" href=\"https:\/\/herbspa.ee\/fi\/paketti-varaus\/\">\n                  <h4 class=\"nd_options_margin_0_important nd_options_color_white nd_options_color_white nd_options_second_font nd_options_letter_spacing_3 nd_options_font_weight_lighter\">\n                    PAKETIT\n                  <\/h4>\n                <\/a>\n\n              <\/div>\n\n          <\/div>\n\n      <\/div>\n\n  <\/div>\n  <!--END FOCUS-->\n                \n\n   [\/vc_column][vc_column width=&#8221;1\/3&#8243;]\n\n  <!--START FOCUS-->\n  <div class=\"nd_options_section  \">\n                                            \n      <div class=\"nd_options_section nd_options_position_relative\">\n      \n        <img decoding=\"async\" class=\"nd_options_section\" src=\"https:\/\/herbspa.ee\/wp-content\/uploads\/2019\/06\/broneeri-kohe-nupp_1340x1080-1024x825.jpg\">\n\n        <a style=\"background-color:#a97145\" class=\"nd_options_padding_15_20 nd_options_bottom_20 nd_options_right_0 nd_options_color_white nd_options_position_absolute nd_options_line_height_16 nd_options_font_size_16\" rel=\"\" title=\"Varaa spa hoitot\" target=\"_self\" href=\"https:\/\/herbspa.ee\/fi\/varaa-spa-hoitot\/\">\n          VARAA SPA HOITOT\n        <\/a>\n\n      <\/div>\n\n  <\/div>\n  <!--END FOCUS-->\n[\/vc_column][vc_column width=&#8221;1\/3&#8243;]\n\n  <!--START FOCUS-->\n  <div class=\"nd_options_section nd_options_position_relative  \">\n                      \n      <img decoding=\"async\" alt=\"\" class=\"nd_options_section\" src=\"https:\/\/herbspa.ee\/wp-content\/uploads\/2019\/07\/Herbsoovitab-pealeht_fokus_hover-1024x825.jpg\">\n\n      <div class=\"nd_options_bg_greydark_alpha_gradient nd_options_position_absolute nd_options_left_0 nd_options_height_100_percentage nd_options_width_100_percentage nd_options_padding_30 nd_options_box_sizing_border_box\">\n          \n          <div class=\"nd_options_display_table nd_options_width_100_percentage nd_options_height_100_percentage nd_options_text_align_center\">\n          \n              <div class=\"nd_options_display_table_cell nd_options_vertical_align_bottom\">\n            \n                <a rel=\"\" title=\"Herb Spa suosittelee\" target=\"_self\" class=\"nd_options_color_white\" href=\"https:\/\/herbspa.ee\/fi\/herb-spa-suosittelee\/\">\n                  <h4 class=\"nd_options_margin_0_important nd_options_color_white nd_options_color_white nd_options_second_font nd_options_letter_spacing_3 nd_options_font_weight_lighter\">\n                    HERB SPA SUOSITTELEE\n                  <\/h4>\n                <\/a>\n\n              <\/div>\n\n          <\/div>\n\n      <\/div>\n\n  <\/div>\n  <!--END FOCUS-->\n                \n\n   [\/vc_column][\/vc_row]<\/p>\n","protected":false},"excerpt":{"rendered":"<p>[vc_row css=&#8221;.vc_custom_1549375564643{margin-top: 20px !important;}&#8221;][vc_column width=&#8221;1\/2&#8243;][vc_column_text] Kuntosali on tarkoitettu itsen\u00e4iselle kuntoilijalle ja siell\u00e4 voi k\u00e4ytt\u00e4\u00e4 juoksumattoa, soutulaitetta ja erilaisia kuntoiluv\u00e4lineit\u00e4. Virtuaalivalmentaja tarjoaa erinomaisen mahdollisuuden valita itselleen sopiva treeni. Kuntosali on avoinna Dorpat Hotellin vieraille 24 h ja sis\u00e4ltyy majoituksen hintaan. [\/vc_column_text][\/vc_column][vc_column width=&#8221;1\/2&#8243;][vc_single_image image=&#8221;3154&#8243; img_size=&#8221;600&#215;400&#8243; alignment=&#8221;center&#8221; style=&#8221;vc_box_shadow&#8221; onclick=&#8221;zoom&#8221;][\/vc_column][\/vc_row][vc_row][vc_column width=&#8221;1\/3&#8243;][\/vc_column][vc_column width=&#8221;1\/3&#8243;][\/vc_column][vc_column width=&#8221;1\/3&#8243;][\/vc_column][\/vc_row]<\/p>\n","protected":false},"author":4,"featured_media":0,"parent":0,"menu_order":37,"comment_status":"closed","ping_status":"closed","template":"","meta":{"_acf_changed":false,"footnotes":""},"class_list":["post-2405","page","type-page","status-publish","hentry"],"acf":[],"yoast_head":"<!-- This site is optimized with the Yoast SEO plugin v27.4 - https:\/\/yoast.com\/product\/yoast-seo-wordpress\/ -->\n<title>Kuntosali | Herb Spa<\/title>\n<meta name=\"robots\" content=\"index, follow, max-snippet:-1, max-image-preview:large, max-video-preview:-1\" \/>\n<link rel=\"canonical\" href=\"https:\/\/herbspa.ee\/fi\/kuntosali\/\" \/>\n<meta property=\"og:locale\" content=\"fi_FI\" \/>\n<meta property=\"og:type\" content=\"article\" \/>\n<meta property=\"og:title\" content=\"Kuntosali | Herb Spa\" \/>\n<meta property=\"og:description\" content=\"[vc_row css=&#8221;.vc_custom_1549375564643{margin-top: 20px !important;}&#8221;][vc_column width=&#8221;1\/2&#8243;][vc_column_text] Kuntosali on tarkoitettu itsen\u00e4iselle kuntoilijalle ja siell\u00e4 voi k\u00e4ytt\u00e4\u00e4 juoksumattoa, soutulaitetta ja erilaisia kuntoiluv\u00e4lineit\u00e4. Virtuaalivalmentaja tarjoaa erinomaisen mahdollisuuden valita itselleen sopiva treeni. Kuntosali on avoinna Dorpat Hotellin vieraille 24 h ja sis\u00e4ltyy majoituksen hintaan. [\/vc_column_text][\/vc_column][vc_column width=&#8221;1\/2&#8243;][vc_single_image image=&#8221;3154&#8243; img_size=&#8221;600&#215;400&#8243; alignment=&#8221;center&#8221; style=&#8221;vc_box_shadow&#8221; onclick=&#8221;zoom&#8221;][\/vc_column][\/vc_row][vc_row][vc_column width=&#8221;1\/3&#8243;][\/vc_column][vc_column width=&#8221;1\/3&#8243;][\/vc_column][vc_column width=&#8221;1\/3&#8243;][\/vc_column][\/vc_row]\" \/>\n<meta property=\"og:url\" content=\"https:\/\/herbspa.ee\/fi\/kuntosali\/\" \/>\n<meta property=\"og:site_name\" content=\"Herb Spa\" \/>\n<meta property=\"article:publisher\" content=\"https:\/\/www.facebook.com\/Herbspa.Dorpat\/\" \/>\n<meta property=\"article:modified_time\" content=\"2019-07-01T09:18:35+00:00\" \/>\n<meta property=\"og:image\" content=\"https:\/\/herbspa.ee\/wp-content\/uploads\/2019\/07\/Herb_spa_Facebook.jpg\" \/>\n\t<meta property=\"og:image:width\" content=\"1200\" \/>\n\t<meta property=\"og:image:height\" content=\"630\" \/>\n\t<meta property=\"og:image:type\" content=\"image\/jpeg\" \/>\n<meta name=\"twitter:card\" content=\"summary_large_image\" \/>\n<meta name=\"twitter:label1\" content=\"Arvioitu lukuaika\" \/>\n\t<meta name=\"twitter:data1\" content=\"1 minuutti\" \/>\n<script type=\"application\/ld+json\" class=\"yoast-schema-graph\">{\"@context\":\"https:\\\/\\\/schema.org\",\"@graph\":[{\"@type\":\"WebPage\",\"@id\":\"https:\\\/\\\/herbspa.ee\\\/fi\\\/kuntosali\\\/\",\"url\":\"https:\\\/\\\/herbspa.ee\\\/fi\\\/kuntosali\\\/\",\"name\":\"Kuntosali | Herb Spa\",\"isPartOf\":{\"@id\":\"https:\\\/\\\/herbspa.ee\\\/#website\"},\"datePublished\":\"2019-02-05T13:59:20+00:00\",\"dateModified\":\"2019-07-01T09:18:35+00:00\",\"breadcrumb\":{\"@id\":\"https:\\\/\\\/herbspa.ee\\\/fi\\\/kuntosali\\\/#breadcrumb\"},\"inLanguage\":\"fi\",\"potentialAction\":[{\"@type\":\"ReadAction\",\"target\":[\"https:\\\/\\\/herbspa.ee\\\/fi\\\/kuntosali\\\/\"]}]},{\"@type\":\"BreadcrumbList\",\"@id\":\"https:\\\/\\\/herbspa.ee\\\/fi\\\/kuntosali\\\/#breadcrumb\",\"itemListElement\":[{\"@type\":\"ListItem\",\"position\":1,\"name\":\"Home\",\"item\":\"https:\\\/\\\/herbspa.ee\\\/fi\\\/\"},{\"@type\":\"ListItem\",\"position\":2,\"name\":\"Kuntosali\"}]},{\"@type\":\"WebSite\",\"@id\":\"https:\\\/\\\/herbspa.ee\\\/#website\",\"url\":\"https:\\\/\\\/herbspa.ee\\\/\",\"name\":\"Herb Spa\",\"description\":\"\",\"publisher\":{\"@id\":\"https:\\\/\\\/herbspa.ee\\\/#organization\"},\"potentialAction\":[{\"@type\":\"SearchAction\",\"target\":{\"@type\":\"EntryPoint\",\"urlTemplate\":\"https:\\\/\\\/herbspa.ee\\\/?s={search_term_string}\"},\"query-input\":{\"@type\":\"PropertyValueSpecification\",\"valueRequired\":true,\"valueName\":\"search_term_string\"}}],\"inLanguage\":\"fi\"},{\"@type\":\"Organization\",\"@id\":\"https:\\\/\\\/herbspa.ee\\\/#organization\",\"name\":\"Herb Spa\",\"url\":\"https:\\\/\\\/herbspa.ee\\\/\",\"logo\":{\"@type\":\"ImageObject\",\"inLanguage\":\"fi\",\"@id\":\"https:\\\/\\\/herbspa.ee\\\/#\\\/schema\\\/logo\\\/image\\\/\",\"url\":\"https:\\\/\\\/herbspa.ee\\\/wp-content\\\/uploads\\\/2026\\\/04\\\/Herb-Spa-logo.png\",\"contentUrl\":\"https:\\\/\\\/herbspa.ee\\\/wp-content\\\/uploads\\\/2026\\\/04\\\/Herb-Spa-logo.png\",\"width\":204,\"height\":203,\"caption\":\"Herb Spa\"},\"image\":{\"@id\":\"https:\\\/\\\/herbspa.ee\\\/#\\\/schema\\\/logo\\\/image\\\/\"},\"sameAs\":[\"https:\\\/\\\/www.facebook.com\\\/Herbspa.Dorpat\\\/\",\"https:\\\/\\\/www.instagram.com\\\/herb.spa\\\/\"]}]}<\/script>\n<!-- \/ Yoast SEO plugin. -->","yoast_head_json":{"title":"Kuntosali | Herb Spa","robots":{"index":"index","follow":"follow","max-snippet":"max-snippet:-1","max-image-preview":"max-image-preview:large","max-video-preview":"max-video-preview:-1"},"canonical":"https:\/\/herbspa.ee\/fi\/kuntosali\/","og_locale":"fi_FI","og_type":"article","og_title":"Kuntosali | Herb Spa","og_description":"[vc_row css=&#8221;.vc_custom_1549375564643{margin-top: 20px !important;}&#8221;][vc_column width=&#8221;1\/2&#8243;][vc_column_text] Kuntosali on tarkoitettu itsen\u00e4iselle kuntoilijalle ja siell\u00e4 voi k\u00e4ytt\u00e4\u00e4 juoksumattoa, soutulaitetta ja erilaisia kuntoiluv\u00e4lineit\u00e4. Virtuaalivalmentaja tarjoaa erinomaisen mahdollisuuden valita itselleen sopiva treeni. Kuntosali on avoinna Dorpat Hotellin vieraille 24 h ja sis\u00e4ltyy majoituksen hintaan. [\/vc_column_text][\/vc_column][vc_column width=&#8221;1\/2&#8243;][vc_single_image image=&#8221;3154&#8243; img_size=&#8221;600&#215;400&#8243; alignment=&#8221;center&#8221; style=&#8221;vc_box_shadow&#8221; onclick=&#8221;zoom&#8221;][\/vc_column][\/vc_row][vc_row][vc_column width=&#8221;1\/3&#8243;][\/vc_column][vc_column width=&#8221;1\/3&#8243;][\/vc_column][vc_column width=&#8221;1\/3&#8243;][\/vc_column][\/vc_row]","og_url":"https:\/\/herbspa.ee\/fi\/kuntosali\/","og_site_name":"Herb Spa","article_publisher":"https:\/\/www.facebook.com\/Herbspa.Dorpat\/","article_modified_time":"2019-07-01T09:18:35+00:00","og_image":[{"width":1200,"height":630,"url":"https:\/\/herbspa.ee\/wp-content\/uploads\/2019\/07\/Herb_spa_Facebook.jpg","type":"image\/jpeg"}],"twitter_card":"summary_large_image","twitter_misc":{"Arvioitu lukuaika":"1 minuutti"},"schema":{"@context":"https:\/\/schema.org","@graph":[{"@type":"WebPage","@id":"https:\/\/herbspa.ee\/fi\/kuntosali\/","url":"https:\/\/herbspa.ee\/fi\/kuntosali\/","name":"Kuntosali | Herb Spa","isPartOf":{"@id":"https:\/\/herbspa.ee\/#website"},"datePublished":"2019-02-05T13:59:20+00:00","dateModified":"2019-07-01T09:18:35+00:00","breadcrumb":{"@id":"https:\/\/herbspa.ee\/fi\/kuntosali\/#breadcrumb"},"inLanguage":"fi","potentialAction":[{"@type":"ReadAction","target":["https:\/\/herbspa.ee\/fi\/kuntosali\/"]}]},{"@type":"BreadcrumbList","@id":"https:\/\/herbspa.ee\/fi\/kuntosali\/#breadcrumb","itemListElement":[{"@type":"ListItem","position":1,"name":"Home","item":"https:\/\/herbspa.ee\/fi\/"},{"@type":"ListItem","position":2,"name":"Kuntosali"}]},{"@type":"WebSite","@id":"https:\/\/herbspa.ee\/#website","url":"https:\/\/herbspa.ee\/","name":"Herb Spa","description":"","publisher":{"@id":"https:\/\/herbspa.ee\/#organization"},"potentialAction":[{"@type":"SearchAction","target":{"@type":"EntryPoint","urlTemplate":"https:\/\/herbspa.ee\/?s={search_term_string}"},"query-input":{"@type":"PropertyValueSpecification","valueRequired":true,"valueName":"search_term_string"}}],"inLanguage":"fi"},{"@type":"Organization","@id":"https:\/\/herbspa.ee\/#organization","name":"Herb Spa","url":"https:\/\/herbspa.ee\/","logo":{"@type":"ImageObject","inLanguage":"fi","@id":"https:\/\/herbspa.ee\/#\/schema\/logo\/image\/","url":"https:\/\/herbspa.ee\/wp-content\/uploads\/2026\/04\/Herb-Spa-logo.png","contentUrl":"https:\/\/herbspa.ee\/wp-content\/uploads\/2026\/04\/Herb-Spa-logo.png","width":204,"height":203,"caption":"Herb Spa"},"image":{"@id":"https:\/\/herbspa.ee\/#\/schema\/logo\/image\/"},"sameAs":["https:\/\/www.facebook.com\/Herbspa.Dorpat\/","https:\/\/www.instagram.com\/herb.spa\/"]}]}},"_links":{"self":[{"href":"https:\/\/herbspa.ee\/fi\/wp-json\/wp\/v2\/pages\/2405","targetHints":{"allow":["GET"]}}],"collection":[{"href":"https:\/\/herbspa.ee\/fi\/wp-json\/wp\/v2\/pages"}],"about":[{"href":"https:\/\/herbspa.ee\/fi\/wp-json\/wp\/v2\/types\/page"}],"author":[{"embeddable":true,"href":"https:\/\/herbspa.ee\/fi\/wp-json\/wp\/v2\/users\/4"}],"replies":[{"embeddable":true,"href":"https:\/\/herbspa.ee\/fi\/wp-json\/wp\/v2\/comments?post=2405"}],"version-history":[{"count":6,"href":"https:\/\/herbspa.ee\/fi\/wp-json\/wp\/v2\/pages\/2405\/revisions"}],"predecessor-version":[{"id":3323,"href":"https:\/\/herbspa.ee\/fi\/wp-json\/wp\/v2\/pages\/2405\/revisions\/3323"}],"wp:attachment":[{"href":"https:\/\/herbspa.ee\/fi\/wp-json\/wp\/v2\/media?parent=2405"}],"curies":[{"name":"wp","href":"https:\/\/api.w.org\/{rel}","templated":true}]}}