{"id":2397,"date":"2017-01-24T16:05:52","date_gmt":"2017-01-24T16:05:52","guid":{"rendered":"https:\/\/herbspa.ee\/spaa-hea-tava\/"},"modified":"2024-12-06T07:33:05","modified_gmt":"2024-12-06T07:33:05","slug":"jarjestyssaannot","status":"publish","type":"page","link":"https:\/\/herbspa.ee\/fi\/jarjestyssaannot\/","title":{"rendered":"J\u00e4rjestyss\u00e4\u00e4nn\u00f6t"},"content":{"rendered":"<p>[vc_row][vc_column width=&#8221;2\/3&#8243; css=&#8221;.vc_custom_1551099992613{margin-top: 10px !important;padding-top: 0px !important;}&#8221;] <h2 style=\"color:#727475;padding:px;text-align:;font-size:30px;line-height:50px;letter-spacing: px;font-weight:bold\" class=\"  nd_options_text_align_center_responsive_important nd_options_first_font \">Haluamme, ett\u00e4 kaikki spa-vieraat tuntisivat olonsa mukavaksi luonamme ja siksi pyyd\u00e4mme noudattamaan span j\u00e4rjestyss\u00e4\u00e4nt\u00f6j\u00e4.<\/h2> [\/vc_column][vc_column width=&#8221;1\/3&#8243; css=&#8221;.vc_custom_1549360447690{margin-top: 10px !important;padding-top: 0px !important;}&#8221;][vc_column_text]<\/p>\n<div class=\"page\" title=\"Page 15\">\n<div class=\"layoutArea\">\n<div class=\"column\">\n<p>Varaa aika haluttuun hoitoon ennakkoon span vastaanoton numeroista: +372 733 7187; +372 5308 7614 tai kirjoittamalla <a href=\"mailto:info@herbspa.ee\">info@herbspa.ee<\/a><\/p>\n<\/div>\n<\/div>\n<\/div>\n<p>[\/vc_column_text][\/vc_column][\/vc_row][vc_row css=&#8221;.vc_custom_1551099673593{margin-top: 20px !important;}&#8221;][vc_column width=&#8221;1\/2&#8243;][vc_column_text]<\/p>\n<ul>\n<li><span style=\"color: #333333;\">Jos haluat hoidon tekij\u00e4ksi tietyn ammattilaisen, kerro se meille aikaa varatessasi;<\/span><\/li>\n<li><span style=\"color: #333333;\">Olemme kiitollisia, jos saavut hoitoon 5\u201310 minuuttia aiemmin valmistuaksesi edess\u00e4 olevaan nautintoon. J\u00e4t\u00e4 p\u00e4\u00e4llysvaatteet naulakkoon ja ilmoittaudu vastaanottovirkailijalle; <\/span><\/li>\n<li><span style=\"color: #333333;\">Varmista, ett\u00e4 mahdolliset terveysongelmat eiv\u00e4t ole varattujen hoitojen vasta-aiheita. Jos ep\u00e4ilet, keskustele span ty\u00f6ntekij\u00e4n kanssa;<\/span><\/li>\n<li><span style=\"color: #333333;\">Span ty\u00f6ntekij\u00e4 esittelee hoidon aikana k\u00e4ytt\u00e4m\u00e4mme tuotteet ja kertoo niiden vaikutuksesta;<\/span><\/li>\n<\/ul>\n<p>[\/vc_column_text][\/vc_column][vc_column width=&#8221;1\/2&#8243;][vc_column_text]<\/p>\n<ul>\n<li><span style=\"color: #333333;\">Jos my\u00f6h\u00e4styt hoidosta, emme voi taata, ett\u00e4 saat t\u00e4yden palvelun. Jos et p\u00e4\u00e4se tulemaan sovittuna aikana, pyyd\u00e4mme ilmoittamaan siit\u00e4 mahdollisimman pian span vastaanottoon;<\/span><\/li>\n<li><span style=\"color: #333333;\">Pyyd\u00e4mme laittamaan puhelimen \u00e4\u00e4nett\u00f6m\u00e4lle ja puhumaan span yleisiss\u00e4 tiloissa hiljaisella \u00e4\u00e4nell\u00e4;<\/span><\/li>\n<li><span style=\"color: #333333;\">Spassa ei palvella juopuneita! Pyyd\u00e4mme ymm\u00e4rt\u00e4v\u00e4ist\u00e4 suhtautumista omaan terveyteesi ja henkil\u00f6kunnan kunnioittamiseen perustuen;<\/span><\/li>\n<li><span style=\"color: #333333;\">Mielipiteesi on meille eritt\u00e4in t\u00e4rke\u00e4! Olemme kiitollisia, jos jaat arvokasta tietoa omasta spa-kokemuksestasi, mik\u00e4 auttaa meit\u00e4 ymm\u00e4rt\u00e4m\u00e4\u00e4n paremmin vieraan odotuksia ja olemaan entist\u00e4 parempia;<\/span><\/li>\n<\/ul>\n<p>[\/vc_column_text][\/vc_column][\/vc_row][vc_row full_width=&#8221;stretch_row&#8221; parallax=&#8221;content-moving&#8221; parallax_image=&#8221;3173&#8243; parallax_speed_bg=&#8221;2&#8243; css=&#8221;.vc_custom_1561972433197{padding-top: 100px !important;padding-bottom: 100px !important;}&#8221; el_class=&#8221;nd_options_vc_parallax_filter_1_3&#8243;][vc_column width=&#8221;1\/2&#8243;][\/vc_column][vc_column width=&#8221;1\/2&#8243;] <h1 style=\"color:#ffffff;padding:px;text-align:center;font-size:50px;line-height:50px;letter-spacing: px;font-weight:bold\" class=\"   nd_options_first_font \">Rentouttavia spael\u00e4myksi\u00e4!<\/h1> <div style=\"background-color:;height: 30px\" class=\"nicdark_section  \"><\/div>[vc_column_text]<\/p>\n<p style=\"text-align: center;\"><a href=\"https:\/\/herbspa.ee\/fi\/tietosuojakaytanto\/\"><span style=\"color: #ffcc99;\">Tutustu yksityisyyden politiikkaan<\/span><\/a><\/p>\n<p style=\"text-align: center;\"><span style=\"color: #ffcc99;\"><a style=\"color: #ffcc99;\" href=\"https:\/\/www.dorpat.ee\/fi\/tietosuojailmoitus-asiakkaalle\/\" target=\"_blank\" rel=\"noopener noreferrer\">Tutustu yksityisyyden politiikkaan hotellivieraille<\/a><\/span><\/p>\n<p>[\/vc_column_text][\/vc_column][\/vc_row]<\/p>\n","protected":false},"excerpt":{"rendered":"<p>[vc_row][vc_column width=&#8221;2\/3&#8243; css=&#8221;.vc_custom_1551099992613{margin-top: 10px !important;padding-top: 0px !important;}&#8221;][\/vc_column][vc_column width=&#8221;1\/3&#8243; css=&#8221;.vc_custom_1549360447690{margin-top: 10px !important;padding-top: 0px !important;}&#8221;][vc_column_text] Varaa aika haluttuun hoitoon ennakkoon span vastaanoton numeroista: +372 733 7187; +372 5308 7614 tai kirjoittamalla info@herbspa.ee [\/vc_column_text][\/vc_column][\/vc_row][vc_row css=&#8221;.vc_custom_1551099673593{margin-top: 20px !important;}&#8221;][vc_column width=&#8221;1\/2&#8243;][vc_column_text] Jos haluat hoidon tekij\u00e4ksi tietyn ammattilaisen, kerro se meille aikaa varatessasi; Olemme kiitollisia, jos saavut hoitoon 5\u201310 minuuttia aiemmin valmistuaksesi [&hellip;]<\/p>\n","protected":false},"author":1,"featured_media":0,"parent":0,"menu_order":69,"comment_status":"closed","ping_status":"closed","template":"","meta":{"_acf_changed":false,"footnotes":""},"class_list":["post-2397","page","type-page","status-publish","hentry"],"acf":[],"yoast_head":"<!-- This site is optimized with the Yoast SEO plugin v27.2 - https:\/\/yoast.com\/product\/yoast-seo-wordpress\/ -->\n<title>J\u00e4rjestyss\u00e4\u00e4nn\u00f6t | Herb Spa<\/title>\n<meta name=\"robots\" content=\"index, follow, max-snippet:-1, max-image-preview:large, max-video-preview:-1\" \/>\n<link rel=\"canonical\" href=\"https:\/\/herbspa.ee\/fi\/jarjestyssaannot\/\" \/>\n<meta property=\"og:locale\" content=\"fi_FI\" \/>\n<meta property=\"og:type\" content=\"article\" \/>\n<meta property=\"og:title\" content=\"J\u00e4rjestyss\u00e4\u00e4nn\u00f6t | Herb Spa\" \/>\n<meta property=\"og:description\" content=\"[vc_row][vc_column width=&#8221;2\/3&#8243; css=&#8221;.vc_custom_1551099992613{margin-top: 10px !important;padding-top: 0px !important;}&#8221;][\/vc_column][vc_column width=&#8221;1\/3&#8243; css=&#8221;.vc_custom_1549360447690{margin-top: 10px !important;padding-top: 0px !important;}&#8221;][vc_column_text] Varaa aika haluttuun hoitoon ennakkoon span vastaanoton numeroista: +372 733 7187; +372 5308 7614 tai kirjoittamalla info@herbspa.ee [\/vc_column_text][\/vc_column][\/vc_row][vc_row css=&#8221;.vc_custom_1551099673593{margin-top: 20px !important;}&#8221;][vc_column width=&#8221;1\/2&#8243;][vc_column_text] Jos haluat hoidon tekij\u00e4ksi tietyn ammattilaisen, kerro se meille aikaa varatessasi; Olemme kiitollisia, jos saavut hoitoon 5\u201310 minuuttia aiemmin valmistuaksesi [&hellip;]\" \/>\n<meta property=\"og:url\" content=\"https:\/\/herbspa.ee\/fi\/jarjestyssaannot\/\" \/>\n<meta property=\"og:site_name\" content=\"Herb Spa\" \/>\n<meta property=\"article:publisher\" content=\"https:\/\/www.facebook.com\/Herbspa.Dorpat\/\" \/>\n<meta property=\"article:modified_time\" content=\"2024-12-06T07:33:05+00:00\" \/>\n<meta property=\"og:image\" content=\"https:\/\/herbspa.ee\/wp-content\/uploads\/2019\/07\/Herb_spa_Facebook.jpg\" \/>\n\t<meta property=\"og:image:width\" content=\"1200\" \/>\n\t<meta property=\"og:image:height\" content=\"630\" \/>\n\t<meta property=\"og:image:type\" content=\"image\/jpeg\" \/>\n<meta name=\"twitter:card\" content=\"summary_large_image\" \/>\n<meta name=\"twitter:label1\" content=\"Arvioitu lukuaika\" \/>\n\t<meta name=\"twitter:data1\" content=\"2 minuuttia\" \/>\n<script type=\"application\/ld+json\" class=\"yoast-schema-graph\">{\"@context\":\"https:\/\/schema.org\",\"@graph\":[{\"@type\":\"WebPage\",\"@id\":\"https:\/\/herbspa.ee\/fi\/jarjestyssaannot\/\",\"url\":\"https:\/\/herbspa.ee\/fi\/jarjestyssaannot\/\",\"name\":\"J\u00e4rjestyss\u00e4\u00e4nn\u00f6t | Herb Spa\",\"isPartOf\":{\"@id\":\"https:\/\/herbspa.ee\/#website\"},\"datePublished\":\"2017-01-24T16:05:52+00:00\",\"dateModified\":\"2024-12-06T07:33:05+00:00\",\"breadcrumb\":{\"@id\":\"https:\/\/herbspa.ee\/fi\/jarjestyssaannot\/#breadcrumb\"},\"inLanguage\":\"fi\",\"potentialAction\":[{\"@type\":\"ReadAction\",\"target\":[\"https:\/\/herbspa.ee\/fi\/jarjestyssaannot\/\"]}]},{\"@type\":\"BreadcrumbList\",\"@id\":\"https:\/\/herbspa.ee\/fi\/jarjestyssaannot\/#breadcrumb\",\"itemListElement\":[{\"@type\":\"ListItem\",\"position\":1,\"name\":\"Home\",\"item\":\"https:\/\/herbspa.ee\/fi\/\"},{\"@type\":\"ListItem\",\"position\":2,\"name\":\"J\u00e4rjestyss\u00e4\u00e4nn\u00f6t\"}]},{\"@type\":\"WebSite\",\"@id\":\"https:\/\/herbspa.ee\/#website\",\"url\":\"https:\/\/herbspa.ee\/\",\"name\":\"Herb Spa\",\"description\":\"\",\"publisher\":{\"@id\":\"https:\/\/herbspa.ee\/#organization\"},\"potentialAction\":[{\"@type\":\"SearchAction\",\"target\":{\"@type\":\"EntryPoint\",\"urlTemplate\":\"https:\/\/herbspa.ee\/?s={search_term_string}\"},\"query-input\":{\"@type\":\"PropertyValueSpecification\",\"valueRequired\":true,\"valueName\":\"search_term_string\"}}],\"inLanguage\":\"fi\"},{\"@type\":\"Organization\",\"@id\":\"https:\/\/herbspa.ee\/#organization\",\"name\":\"Herb Spa\",\"url\":\"https:\/\/herbspa.ee\/\",\"logo\":{\"@type\":\"ImageObject\",\"inLanguage\":\"fi\",\"@id\":\"https:\/\/herbspa.ee\/#\/schema\/logo\/image\/\",\"url\":\"https:\/\/herbspa.ee\/wp-content\/uploads\/2026\/04\/Herb-Spa-logo.png\",\"contentUrl\":\"https:\/\/herbspa.ee\/wp-content\/uploads\/2026\/04\/Herb-Spa-logo.png\",\"width\":204,\"height\":203,\"caption\":\"Herb Spa\"},\"image\":{\"@id\":\"https:\/\/herbspa.ee\/#\/schema\/logo\/image\/\"},\"sameAs\":[\"https:\/\/www.facebook.com\/Herbspa.Dorpat\/\",\"https:\/\/www.instagram.com\/herb.spa\/\"]}]}<\/script>\n<!-- \/ Yoast SEO plugin. -->","yoast_head_json":{"title":"J\u00e4rjestyss\u00e4\u00e4nn\u00f6t | Herb Spa","robots":{"index":"index","follow":"follow","max-snippet":"max-snippet:-1","max-image-preview":"max-image-preview:large","max-video-preview":"max-video-preview:-1"},"canonical":"https:\/\/herbspa.ee\/fi\/jarjestyssaannot\/","og_locale":"fi_FI","og_type":"article","og_title":"J\u00e4rjestyss\u00e4\u00e4nn\u00f6t | Herb Spa","og_description":"[vc_row][vc_column width=&#8221;2\/3&#8243; css=&#8221;.vc_custom_1551099992613{margin-top: 10px !important;padding-top: 0px !important;}&#8221;][\/vc_column][vc_column width=&#8221;1\/3&#8243; css=&#8221;.vc_custom_1549360447690{margin-top: 10px !important;padding-top: 0px !important;}&#8221;][vc_column_text] Varaa aika haluttuun hoitoon ennakkoon span vastaanoton numeroista: +372 733 7187; +372 5308 7614 tai kirjoittamalla info@herbspa.ee [\/vc_column_text][\/vc_column][\/vc_row][vc_row css=&#8221;.vc_custom_1551099673593{margin-top: 20px !important;}&#8221;][vc_column width=&#8221;1\/2&#8243;][vc_column_text] Jos haluat hoidon tekij\u00e4ksi tietyn ammattilaisen, kerro se meille aikaa varatessasi; Olemme kiitollisia, jos saavut hoitoon 5\u201310 minuuttia aiemmin valmistuaksesi [&hellip;]","og_url":"https:\/\/herbspa.ee\/fi\/jarjestyssaannot\/","og_site_name":"Herb Spa","article_publisher":"https:\/\/www.facebook.com\/Herbspa.Dorpat\/","article_modified_time":"2024-12-06T07:33:05+00:00","og_image":[{"width":1200,"height":630,"url":"https:\/\/herbspa.ee\/wp-content\/uploads\/2019\/07\/Herb_spa_Facebook.jpg","type":"image\/jpeg"}],"twitter_card":"summary_large_image","twitter_misc":{"Arvioitu lukuaika":"2 minuuttia"},"schema":{"@context":"https:\/\/schema.org","@graph":[{"@type":"WebPage","@id":"https:\/\/herbspa.ee\/fi\/jarjestyssaannot\/","url":"https:\/\/herbspa.ee\/fi\/jarjestyssaannot\/","name":"J\u00e4rjestyss\u00e4\u00e4nn\u00f6t | Herb Spa","isPartOf":{"@id":"https:\/\/herbspa.ee\/#website"},"datePublished":"2017-01-24T16:05:52+00:00","dateModified":"2024-12-06T07:33:05+00:00","breadcrumb":{"@id":"https:\/\/herbspa.ee\/fi\/jarjestyssaannot\/#breadcrumb"},"inLanguage":"fi","potentialAction":[{"@type":"ReadAction","target":["https:\/\/herbspa.ee\/fi\/jarjestyssaannot\/"]}]},{"@type":"BreadcrumbList","@id":"https:\/\/herbspa.ee\/fi\/jarjestyssaannot\/#breadcrumb","itemListElement":[{"@type":"ListItem","position":1,"name":"Home","item":"https:\/\/herbspa.ee\/fi\/"},{"@type":"ListItem","position":2,"name":"J\u00e4rjestyss\u00e4\u00e4nn\u00f6t"}]},{"@type":"WebSite","@id":"https:\/\/herbspa.ee\/#website","url":"https:\/\/herbspa.ee\/","name":"Herb Spa","description":"","publisher":{"@id":"https:\/\/herbspa.ee\/#organization"},"potentialAction":[{"@type":"SearchAction","target":{"@type":"EntryPoint","urlTemplate":"https:\/\/herbspa.ee\/?s={search_term_string}"},"query-input":{"@type":"PropertyValueSpecification","valueRequired":true,"valueName":"search_term_string"}}],"inLanguage":"fi"},{"@type":"Organization","@id":"https:\/\/herbspa.ee\/#organization","name":"Herb Spa","url":"https:\/\/herbspa.ee\/","logo":{"@type":"ImageObject","inLanguage":"fi","@id":"https:\/\/herbspa.ee\/#\/schema\/logo\/image\/","url":"https:\/\/herbspa.ee\/wp-content\/uploads\/2026\/04\/Herb-Spa-logo.png","contentUrl":"https:\/\/herbspa.ee\/wp-content\/uploads\/2026\/04\/Herb-Spa-logo.png","width":204,"height":203,"caption":"Herb Spa"},"image":{"@id":"https:\/\/herbspa.ee\/#\/schema\/logo\/image\/"},"sameAs":["https:\/\/www.facebook.com\/Herbspa.Dorpat\/","https:\/\/www.instagram.com\/herb.spa\/"]}]}},"_links":{"self":[{"href":"https:\/\/herbspa.ee\/fi\/wp-json\/wp\/v2\/pages\/2397","targetHints":{"allow":["GET"]}}],"collection":[{"href":"https:\/\/herbspa.ee\/fi\/wp-json\/wp\/v2\/pages"}],"about":[{"href":"https:\/\/herbspa.ee\/fi\/wp-json\/wp\/v2\/types\/page"}],"author":[{"embeddable":true,"href":"https:\/\/herbspa.ee\/fi\/wp-json\/wp\/v2\/users\/1"}],"replies":[{"embeddable":true,"href":"https:\/\/herbspa.ee\/fi\/wp-json\/wp\/v2\/comments?post=2397"}],"version-history":[{"count":7,"href":"https:\/\/herbspa.ee\/fi\/wp-json\/wp\/v2\/pages\/2397\/revisions"}],"predecessor-version":[{"id":8792,"href":"https:\/\/herbspa.ee\/fi\/wp-json\/wp\/v2\/pages\/2397\/revisions\/8792"}],"wp:attachment":[{"href":"https:\/\/herbspa.ee\/fi\/wp-json\/wp\/v2\/media?parent=2397"}],"curies":[{"name":"wp","href":"https:\/\/api.w.org\/{rel}","templated":true}]}}