{"id":2211,"date":"2017-01-27T09:29:22","date_gmt":"2017-01-27T09:29:22","guid":{"rendered":"https:\/\/herbspa.ee\/home-4\/"},"modified":"2022-03-16T09:03:51","modified_gmt":"2022-03-16T09:03:51","slug":"home-4","status":"publish","type":"page","link":"https:\/\/herbspa.ee\/fi\/","title":{"rendered":"Esileht"},"content":{"rendered":"<p>[vc_row][vc_column][rev_slider_vc alias=&#8221;uus-esileht-fin&#8221;][\/vc_column][\/vc_row][vc_row content_placement=&#8221;middle&#8221; css=&#8221;.vc_custom_1551424788068{margin-top: 40px !important;}&#8221;][vc_column width=&#8221;1\/3&#8243;]<div style=\"background-color:;height: 10px\" class=\"nicdark_section  \"><\/div>\n\n  <!--START FOCUS-->\n  <div class=\"nd_options_section nd_options_position_relative  \">\n                      \n      <img decoding=\"async\" alt=\"\" class=\"nd_options_section\" src=\"https:\/\/herbspa.ee\/wp-content\/uploads\/2019\/07\/Herbsoovitab-pealeht_fokus_hover-1024x825.jpg\">\n\n      <div class=\"nd_options_bg_greydark_alpha_gradient nd_options_position_absolute nd_options_left_0 nd_options_height_100_percentage nd_options_width_100_percentage nd_options_padding_30 nd_options_box_sizing_border_box\">\n          \n          <div class=\"nd_options_display_table nd_options_width_100_percentage nd_options_height_100_percentage nd_options_text_align_center\">\n          \n              <div class=\"nd_options_display_table_cell nd_options_vertical_align_bottom\">\n            \n                <a rel=\"\" title=\"\" target=\"_self\" class=\"nd_options_color_white\" href=\"https:\/\/herbspa.ee\/fi\/herb-spa-suosittelee\/\">\n                  <h4 class=\"nd_options_margin_0_important nd_options_color_white nd_options_color_white nd_options_second_font nd_options_letter_spacing_3 nd_options_font_weight_lighter\">\n                    HERB SPA SUOSITTELEE\n                  <\/h4>\n                <\/a>\n\n              <\/div>\n\n          <\/div>\n\n      <\/div>\n\n  <\/div>\n  <!--END FOCUS-->\n                \n\n   <div style=\"background-color:;height: 10px\" class=\"nicdark_section  \"><\/div>[\/vc_column][vc_column width=&#8221;1\/3&#8243; css=&#8221;.vc_custom_1562075204237{background-image: url(https:\/\/herbspa.ee\/wp-content\/uploads\/2019\/07\/aaaaaaa.jpg?id=3415) !important;}&#8221;]<div style=\"background-color:;height: 50px\" class=\"nicdark_section  \"><\/div>[vc_column_text]<\/p>\n<p style=\"text-align: center;\"><span style=\"color: #ffffff;\">Tartossa, Emajoen ja kastanjapuiden helmassa sijaitseva Herb Spa tarjoaa arvokasta rauhaa ja yksityisyytt\u00e4. Huolella valitsemamme rituaalit auttavat lomailijaa rentoutumaan ja l\u00f6yt\u00e4m\u00e4\u00e4n tasapainon. Spassa ovat harmoniassa ikivanhat perinteet, nykyaikainen viisaus ja arvokas asiakaspalvelu!<br \/>\n<\/span><\/p>\n<p>[\/vc_column_text]<div style=\"background-color:;height: 50px\" class=\"nicdark_section  \"><\/div>[\/vc_column][vc_column width=&#8221;1\/3&#8243;]<div style=\"background-color:;height: 10px\" class=\"nicdark_section  \"><\/div>\n\n  <!--START FOCUS-->\n  <div class=\"nd_options_section nd_options_position_relative  \">\n                      \n      <img decoding=\"async\" alt=\"\" class=\"nd_options_section\" src=\"https:\/\/herbspa.ee\/wp-content\/uploads\/2019\/07\/paketid_fokus_hover-1024x825.jpg\">\n\n      <div class=\"nd_options_bg_greydark_alpha_gradient nd_options_position_absolute nd_options_left_0 nd_options_height_100_percentage nd_options_width_100_percentage nd_options_padding_30 nd_options_box_sizing_border_box\">\n          \n          <div class=\"nd_options_display_table nd_options_width_100_percentage nd_options_height_100_percentage nd_options_text_align_center\">\n          \n              <div class=\"nd_options_display_table_cell nd_options_vertical_align_bottom\">\n            \n                <a rel=\"\" title=\"Paketit\" target=\"_self\" class=\"nd_options_color_white\" href=\"https:\/\/herbspa.ee\/fi\/paketit\/\">\n                  <h4 class=\"nd_options_margin_0_important nd_options_color_white nd_options_color_white nd_options_second_font nd_options_letter_spacing_3 nd_options_font_weight_lighter\">\n                    PAKETIT\n                  <\/h4>\n                <\/a>\n\n              <\/div>\n\n          <\/div>\n\n      <\/div>\n\n  <\/div>\n  <!--END FOCUS-->\n                \n\n   <div style=\"background-color:;height: 10px\" class=\"nicdark_section  \"><\/div>[\/vc_column][\/vc_row][vc_row css=&#8221;.vc_custom_1551424795366{margin-top: 60px !important;}&#8221;][vc_column] <h4 style=\"color:#a3a3a3;padding:px;text-align:center;font-size:17px;line-height:17px;letter-spacing: 3px;font-weight:lighter\" class=\"   nd_options_second_font \">Herb Spa Tartossa<\/h4> <div style=\"background-color:;height: 10px\" class=\"nicdark_section  \"><\/div> <h1 style=\"color:;padding:px;text-align:center;font-size:40px;line-height:40px;letter-spacing: px;font-weight:bold\" class=\"   nd_options_first_font \">Hoidot<\/h1> [\/vc_column][\/vc_row][vc_row css=&#8221;.vc_custom_1551424801747{margin-top: 50px !important;}&#8221;][vc_column width=&#8221;1\/4&#8243; css=&#8221;.vc_custom_1485526406679{margin-top: 10px !important;margin-bottom: 10px !important;}&#8221;]\n\n  <!--START FOCUS-->\n  <div class=\"nd_options_section nd_options_position_relative face_heading \">\n                      \n      <img decoding=\"async\" alt=\"\" class=\"nd_options_section\" src=\"https:\/\/herbspa.ee\/wp-content\/uploads\/2019\/07\/naohoolitsused_fokus_pealeht_hover-1024x737.jpg\">\n\n      <div class=\"nd_options_bg_greydark_alpha_gradient nd_options_position_absolute nd_options_left_0 nd_options_height_100_percentage nd_options_width_100_percentage nd_options_padding_30 nd_options_box_sizing_border_box\">\n          \n          <div class=\"nd_options_display_table nd_options_width_100_percentage nd_options_height_100_percentage nd_options_text_align_center\">\n          \n              <div class=\"nd_options_display_table_cell nd_options_vertical_align_bottom\">\n            \n                <a rel=\"\" title=\"N\u00e4ohoolitsused\" target=\"_self\" class=\"nd_options_color_white\" href=\"https:\/\/herbspa.ee\/fi\/kasvohoidot\/\">\n                  <h4 class=\"nd_options_margin_0_important nd_options_color_white nd_options_color_white nd_options_second_font nd_options_letter_spacing_3 nd_options_font_weight_lighter\">\n                    KASVOHOIDOT\n                  <\/h4>\n                <\/a>\n\n              <\/div>\n\n          <\/div>\n\n      <\/div>\n\n  <\/div>\n  <!--END FOCUS-->\n                \n\n   <div style=\"background-color:;height: 30px\" class=\"nicdark_section  \"><\/div>\n\n  <!--START FOCUS-->\n  <div class=\"nd_options_section nd_options_position_relative face_heading \">\n                      \n      <img decoding=\"async\" alt=\"\" class=\"nd_options_section\" src=\"https:\/\/herbspa.ee\/wp-content\/uploads\/2019\/07\/kehahoolitsused_fokus_pealeh_hovert-1024x737.jpg\">\n\n      <div class=\"nd_options_bg_greydark_alpha_gradient nd_options_position_absolute nd_options_left_0 nd_options_height_100_percentage nd_options_width_100_percentage nd_options_padding_30 nd_options_box_sizing_border_box\">\n          \n          <div class=\"nd_options_display_table nd_options_width_100_percentage nd_options_height_100_percentage nd_options_text_align_center\">\n          \n              <div class=\"nd_options_display_table_cell nd_options_vertical_align_bottom\">\n            \n                <a rel=\"\" title=\"Vartalohoidot\" target=\"_self\" class=\"nd_options_color_white\" href=\"https:\/\/herbspa.ee\/fi\/vartalohoidot\/\">\n                  <h4 class=\"nd_options_margin_0_important nd_options_color_white nd_options_color_white nd_options_second_font nd_options_letter_spacing_3 nd_options_font_weight_lighter\">\n                    VARTALOHOIDOT\n                  <\/h4>\n                <\/a>\n\n              <\/div>\n\n          <\/div>\n\n      <\/div>\n\n  <\/div>\n  <!--END FOCUS-->\n                \n\n   [\/vc_column][vc_column width=&#8221;2\/4&#8243; css=&#8221;.vc_custom_1485449123913{margin-top: 10px !important;margin-bottom: 10px !important;}&#8221;]\n\n  <!--START FOCUS-->\n  <div class=\"nd_options_section nd_options_position_relative face_heading \">\n                      \n      <img decoding=\"async\" alt=\"\" class=\"nd_options_section\" src=\"https:\/\/herbspa.ee\/wp-content\/uploads\/2019\/07\/massaazid_fokus_pealeht_1470x1080hover-1024x752.jpg\">\n\n      <div class=\"nd_options_bg_greydark_alpha_gradient nd_options_position_absolute nd_options_left_0 nd_options_height_100_percentage nd_options_width_100_percentage nd_options_padding_30 nd_options_box_sizing_border_box\">\n          \n          <div class=\"nd_options_display_table nd_options_width_100_percentage nd_options_height_100_percentage nd_options_text_align_center\">\n          \n              <div class=\"nd_options_display_table_cell nd_options_vertical_align_bottom\">\n            \n                <a rel=\"\" title=\"Massaa\u017eid\" target=\"_self\" class=\"nd_options_color_white\" href=\"https:\/\/herbspa.ee\/fi\/hieronnat\/\">\n                  <h4 class=\"nd_options_margin_0_important nd_options_color_white nd_options_color_white nd_options_second_font nd_options_letter_spacing_3 nd_options_font_weight_lighter\">\n                    HIERONNAT\n                  <\/h4>\n                <\/a>\n\n              <\/div>\n\n          <\/div>\n\n      <\/div>\n\n  <\/div>\n  <!--END FOCUS-->\n                \n\n   [\/vc_column][vc_column width=&#8221;1\/4&#8243; css=&#8221;.vc_custom_1485526418518{margin-top: 10px !important;margin-bottom: 10px !important;}&#8221;]\n\n  <!--START FOCUS-->\n  <div class=\"nd_options_section nd_options_position_relative face_heading \">\n                      \n      <img decoding=\"async\" alt=\"\" class=\"nd_options_section\" src=\"https:\/\/herbspa.ee\/wp-content\/uploads\/2019\/07\/Kaed-jalad_fokus_pealeht_hover-1024x737.jpg\">\n\n      <div class=\"nd_options_bg_greydark_alpha_gradient nd_options_position_absolute nd_options_left_0 nd_options_height_100_percentage nd_options_width_100_percentage nd_options_padding_30 nd_options_box_sizing_border_box\">\n          \n          <div class=\"nd_options_display_table nd_options_width_100_percentage nd_options_height_100_percentage nd_options_text_align_center\">\n          \n              <div class=\"nd_options_display_table_cell nd_options_vertical_align_bottom\">\n            \n                <a rel=\"\" title=\"K\u00e4si- ja jalkahoidot\" target=\"_self\" class=\"nd_options_color_white\" href=\"https:\/\/herbspa.ee\/fi\/kasi-ja-jalkahoidot\/\">\n                  <h4 class=\"nd_options_margin_0_important nd_options_color_white nd_options_color_white nd_options_second_font nd_options_letter_spacing_3 nd_options_font_weight_lighter\">\n                    K\u00c4SI- JA JALKAHOIDOT\n                  <\/h4>\n                <\/a>\n\n              <\/div>\n\n          <\/div>\n\n      <\/div>\n\n  <\/div>\n  <!--END FOCUS-->\n                \n\n   <div style=\"background-color:;height: 30px\" class=\"nicdark_section  \"><\/div>\n\n  <!--START FOCUS-->\n  <div class=\"nd_options_section nd_options_position_relative face_heading \">\n                      \n      <img decoding=\"async\" alt=\"\" class=\"nd_options_section\" src=\"https:\/\/herbspa.ee\/wp-content\/uploads\/2019\/07\/Vannihoolitsused_fokus_pealeht_hover-1024x737.jpg\">\n\n      <div class=\"nd_options_bg_greydark_alpha_gradient nd_options_position_absolute nd_options_left_0 nd_options_height_100_percentage nd_options_width_100_percentage nd_options_padding_30 nd_options_box_sizing_border_box\">\n          \n          <div class=\"nd_options_display_table nd_options_width_100_percentage nd_options_height_100_percentage nd_options_text_align_center\">\n          \n              <div class=\"nd_options_display_table_cell nd_options_vertical_align_bottom\">\n            \n                <a rel=\"\" title=\"Hoitavat kylvyt\" target=\"_self\" class=\"nd_options_color_white\" href=\"https:\/\/herbspa.ee\/fi\/hoitavat-kylvyt\/\">\n                  <h4 class=\"nd_options_margin_0_important nd_options_color_white nd_options_color_white nd_options_second_font nd_options_letter_spacing_3 nd_options_font_weight_lighter\">\n                    HOITAVAT KYLVYT\n                  <\/h4>\n                <\/a>\n\n              <\/div>\n\n          <\/div>\n\n      <\/div>\n\n  <\/div>\n  <!--END FOCUS-->\n                \n\n   [\/vc_column][\/vc_row]<\/p>\n","protected":false},"excerpt":{"rendered":"<p>[vc_row][vc_column][rev_slider_vc alias=&#8221;uus-esileht-fin&#8221;][\/vc_column][\/vc_row][vc_row content_placement=&#8221;middle&#8221; css=&#8221;.vc_custom_1551424788068{margin-top: 40px !important;}&#8221;][vc_column width=&#8221;1\/3&#8243;][\/vc_column][vc_column width=&#8221;1\/3&#8243; css=&#8221;.vc_custom_1562075204237{background-image: url(https:\/\/herbspa.ee\/wp-content\/uploads\/2019\/07\/aaaaaaa.jpg?id=3415) !important;}&#8221;][vc_column_text] Tartossa, Emajoen ja kastanjapuiden helmassa sijaitseva Herb Spa tarjoaa arvokasta rauhaa ja yksityisyytt\u00e4. Huolella valitsemamme rituaalit auttavat lomailijaa rentoutumaan ja l\u00f6yt\u00e4m\u00e4\u00e4n tasapainon. Spassa ovat harmoniassa ikivanhat perinteet, nykyaikainen viisaus ja arvokas asiakaspalvelu! [\/vc_column_text][\/vc_column][vc_column width=&#8221;1\/3&#8243;][\/vc_column][\/vc_row][vc_row css=&#8221;.vc_custom_1551424795366{margin-top: 60px !important;}&#8221;][vc_column][\/vc_column][\/vc_row][vc_row css=&#8221;.vc_custom_1551424801747{margin-top: 50px !important;}&#8221;][vc_column width=&#8221;1\/4&#8243; css=&#8221;.vc_custom_1485526406679{margin-top: 10px !important;margin-bottom: [&hellip;]<\/p>\n","protected":false},"author":1,"featured_media":3186,"parent":0,"menu_order":41,"comment_status":"closed","ping_status":"closed","template":"","meta":{"_acf_changed":false,"footnotes":""},"class_list":["post-2211","page","type-page","status-publish","has-post-thumbnail","hentry"],"acf":[],"yoast_head":"<!-- This site is optimized with the Yoast SEO plugin v27.2 - https:\/\/yoast.com\/product\/yoast-seo-wordpress\/ -->\n<title>Spa Tartus |\u00a0Uus Herb Spa Tartus |\u00a0Massaa\u017eid, manik\u00fc\u00fcr, pedik\u00fc\u00fcr<\/title>\n<meta name=\"description\" content=\"Uus Herb Spa Tartus avab oma uksed m\u00e4rtsu kuus. Herb Spa on pakkumas va\u0308a\u0308rilist rahu ja privaatsust. Teid ootavad massaa\u017eid, keha- ja n\u00e4ohoolitsused..\" \/>\n<meta name=\"robots\" content=\"index, follow, max-snippet:-1, max-image-preview:large, max-video-preview:-1\" \/>\n<link rel=\"canonical\" href=\"https:\/\/herbspa.ee\/fi\/\" \/>\n<meta property=\"og:locale\" content=\"fi_FI\" \/>\n<meta property=\"og:type\" content=\"article\" \/>\n<meta property=\"og:title\" content=\"Herb Spa Tartus\" \/>\n<meta property=\"og:description\" content=\"Uus spa Tartus avas oma uksed m\u00e4rtsis. Herb Spa on pakkumas va\u0308a\u0308rilist rahu ja privaatsust. Teid ootavad massaa\u017eid, keha- ja n\u00e4ohoolitsused, manik\u00fc\u00fcr, pedik\u00fc\u00fcr..\" \/>\n<meta property=\"og:url\" content=\"https:\/\/herbspa.ee\/fi\/\" \/>\n<meta property=\"og:site_name\" content=\"Herb Spa\" \/>\n<meta property=\"article:publisher\" content=\"https:\/\/www.facebook.com\/Herbspa.Dorpat\/\" \/>\n<meta property=\"article:modified_time\" content=\"2022-03-16T09:03:51+00:00\" \/>\n<meta property=\"og:image\" content=\"https:\/\/herbspa.ee\/wp-content\/uploads\/2019\/06\/HerbSpa_06May2019_094_fotoJarekJo\u0303epera_ekraanile.jpg\" \/>\n\t<meta property=\"og:image:width\" content=\"1920\" \/>\n\t<meta property=\"og:image:height\" content=\"1080\" \/>\n\t<meta property=\"og:image:type\" content=\"image\/jpeg\" \/>\n<meta name=\"twitter:card\" content=\"summary_large_image\" \/>\n<meta name=\"twitter:label1\" content=\"Arvioitu lukuaika\" \/>\n\t<meta name=\"twitter:data1\" content=\"1 minuutti\" \/>\n<script type=\"application\/ld+json\" class=\"yoast-schema-graph\">{\"@context\":\"https:\/\/schema.org\",\"@graph\":[{\"@type\":\"WebPage\",\"@id\":\"https:\/\/herbspa.ee\/fi\/\",\"url\":\"https:\/\/herbspa.ee\/fi\/\",\"name\":\"Spa Tartus |\u00a0Uus Herb Spa Tartus |\u00a0Massaa\u017eid, manik\u00fc\u00fcr, pedik\u00fc\u00fcr\",\"isPartOf\":{\"@id\":\"https:\/\/herbspa.ee\/#website\"},\"primaryImageOfPage\":{\"@id\":\"https:\/\/herbspa.ee\/fi\/#primaryimage\"},\"image\":{\"@id\":\"https:\/\/herbspa.ee\/fi\/#primaryimage\"},\"thumbnailUrl\":\"https:\/\/herbspa.ee\/wp-content\/uploads\/2019\/06\/HerbSpa_06May2019_094_fotoJarekJo\u0303epera_ekraanile.jpg\",\"datePublished\":\"2017-01-27T09:29:22+00:00\",\"dateModified\":\"2022-03-16T09:03:51+00:00\",\"description\":\"Uus Herb Spa Tartus avab oma uksed m\u00e4rtsu kuus. Herb Spa on pakkumas va\u0308a\u0308rilist rahu ja privaatsust. Teid ootavad massaa\u017eid, keha- ja n\u00e4ohoolitsused..\",\"breadcrumb\":{\"@id\":\"https:\/\/herbspa.ee\/fi\/#breadcrumb\"},\"inLanguage\":\"fi\",\"potentialAction\":[{\"@type\":\"ReadAction\",\"target\":[\"https:\/\/herbspa.ee\/fi\/\"]}]},{\"@type\":\"ImageObject\",\"inLanguage\":\"fi\",\"@id\":\"https:\/\/herbspa.ee\/fi\/#primaryimage\",\"url\":\"https:\/\/herbspa.ee\/wp-content\/uploads\/2019\/06\/HerbSpa_06May2019_094_fotoJarekJo\u0303epera_ekraanile.jpg\",\"contentUrl\":\"https:\/\/herbspa.ee\/wp-content\/uploads\/2019\/06\/HerbSpa_06May2019_094_fotoJarekJo\u0303epera_ekraanile.jpg\",\"width\":1920,\"height\":1080},{\"@type\":\"BreadcrumbList\",\"@id\":\"https:\/\/herbspa.ee\/fi\/#breadcrumb\",\"itemListElement\":[{\"@type\":\"ListItem\",\"position\":1,\"name\":\"Home\",\"item\":\"https:\/\/herbspa.ee\/fi\/\"},{\"@type\":\"ListItem\",\"position\":2,\"name\":\"Esileht\"}]},{\"@type\":\"WebSite\",\"@id\":\"https:\/\/herbspa.ee\/#website\",\"url\":\"https:\/\/herbspa.ee\/\",\"name\":\"Herb Spa\",\"description\":\"\",\"publisher\":{\"@id\":\"https:\/\/herbspa.ee\/#organization\"},\"potentialAction\":[{\"@type\":\"SearchAction\",\"target\":{\"@type\":\"EntryPoint\",\"urlTemplate\":\"https:\/\/herbspa.ee\/?s={search_term_string}\"},\"query-input\":{\"@type\":\"PropertyValueSpecification\",\"valueRequired\":true,\"valueName\":\"search_term_string\"}}],\"inLanguage\":\"fi\"},{\"@type\":\"Organization\",\"@id\":\"https:\/\/herbspa.ee\/#organization\",\"name\":\"Herb Spa\",\"url\":\"https:\/\/herbspa.ee\/\",\"logo\":{\"@type\":\"ImageObject\",\"inLanguage\":\"fi\",\"@id\":\"https:\/\/herbspa.ee\/#\/schema\/logo\/image\/\",\"url\":\"https:\/\/herbspa.ee\/wp-content\/uploads\/2026\/04\/Herb-Spa-logo.png\",\"contentUrl\":\"https:\/\/herbspa.ee\/wp-content\/uploads\/2026\/04\/Herb-Spa-logo.png\",\"width\":204,\"height\":203,\"caption\":\"Herb Spa\"},\"image\":{\"@id\":\"https:\/\/herbspa.ee\/#\/schema\/logo\/image\/\"},\"sameAs\":[\"https:\/\/www.facebook.com\/Herbspa.Dorpat\/\",\"https:\/\/www.instagram.com\/herb.spa\/\"]}]}<\/script>\n<!-- \/ Yoast SEO plugin. -->","yoast_head_json":{"title":"Spa Tartus |\u00a0Uus Herb Spa Tartus |\u00a0Massaa\u017eid, manik\u00fc\u00fcr, pedik\u00fc\u00fcr","description":"Uus Herb Spa Tartus avab oma uksed m\u00e4rtsu kuus. Herb Spa on pakkumas va\u0308a\u0308rilist rahu ja privaatsust. Teid ootavad massaa\u017eid, keha- ja n\u00e4ohoolitsused..","robots":{"index":"index","follow":"follow","max-snippet":"max-snippet:-1","max-image-preview":"max-image-preview:large","max-video-preview":"max-video-preview:-1"},"canonical":"https:\/\/herbspa.ee\/fi\/","og_locale":"fi_FI","og_type":"article","og_title":"Herb Spa Tartus","og_description":"Uus spa Tartus avas oma uksed m\u00e4rtsis. Herb Spa on pakkumas va\u0308a\u0308rilist rahu ja privaatsust. Teid ootavad massaa\u017eid, keha- ja n\u00e4ohoolitsused, manik\u00fc\u00fcr, pedik\u00fc\u00fcr..","og_url":"https:\/\/herbspa.ee\/fi\/","og_site_name":"Herb Spa","article_publisher":"https:\/\/www.facebook.com\/Herbspa.Dorpat\/","article_modified_time":"2022-03-16T09:03:51+00:00","og_image":[{"width":1920,"height":1080,"url":"https:\/\/herbspa.ee\/wp-content\/uploads\/2019\/06\/HerbSpa_06May2019_094_fotoJarekJo\u0303epera_ekraanile.jpg","type":"image\/jpeg"}],"twitter_card":"summary_large_image","twitter_misc":{"Arvioitu lukuaika":"1 minuutti"},"schema":{"@context":"https:\/\/schema.org","@graph":[{"@type":"WebPage","@id":"https:\/\/herbspa.ee\/fi\/","url":"https:\/\/herbspa.ee\/fi\/","name":"Spa Tartus |\u00a0Uus Herb Spa Tartus |\u00a0Massaa\u017eid, manik\u00fc\u00fcr, pedik\u00fc\u00fcr","isPartOf":{"@id":"https:\/\/herbspa.ee\/#website"},"primaryImageOfPage":{"@id":"https:\/\/herbspa.ee\/fi\/#primaryimage"},"image":{"@id":"https:\/\/herbspa.ee\/fi\/#primaryimage"},"thumbnailUrl":"https:\/\/herbspa.ee\/wp-content\/uploads\/2019\/06\/HerbSpa_06May2019_094_fotoJarekJo\u0303epera_ekraanile.jpg","datePublished":"2017-01-27T09:29:22+00:00","dateModified":"2022-03-16T09:03:51+00:00","description":"Uus Herb Spa Tartus avab oma uksed m\u00e4rtsu kuus. Herb Spa on pakkumas va\u0308a\u0308rilist rahu ja privaatsust. Teid ootavad massaa\u017eid, keha- ja n\u00e4ohoolitsused..","breadcrumb":{"@id":"https:\/\/herbspa.ee\/fi\/#breadcrumb"},"inLanguage":"fi","potentialAction":[{"@type":"ReadAction","target":["https:\/\/herbspa.ee\/fi\/"]}]},{"@type":"ImageObject","inLanguage":"fi","@id":"https:\/\/herbspa.ee\/fi\/#primaryimage","url":"https:\/\/herbspa.ee\/wp-content\/uploads\/2019\/06\/HerbSpa_06May2019_094_fotoJarekJo\u0303epera_ekraanile.jpg","contentUrl":"https:\/\/herbspa.ee\/wp-content\/uploads\/2019\/06\/HerbSpa_06May2019_094_fotoJarekJo\u0303epera_ekraanile.jpg","width":1920,"height":1080},{"@type":"BreadcrumbList","@id":"https:\/\/herbspa.ee\/fi\/#breadcrumb","itemListElement":[{"@type":"ListItem","position":1,"name":"Home","item":"https:\/\/herbspa.ee\/fi\/"},{"@type":"ListItem","position":2,"name":"Esileht"}]},{"@type":"WebSite","@id":"https:\/\/herbspa.ee\/#website","url":"https:\/\/herbspa.ee\/","name":"Herb Spa","description":"","publisher":{"@id":"https:\/\/herbspa.ee\/#organization"},"potentialAction":[{"@type":"SearchAction","target":{"@type":"EntryPoint","urlTemplate":"https:\/\/herbspa.ee\/?s={search_term_string}"},"query-input":{"@type":"PropertyValueSpecification","valueRequired":true,"valueName":"search_term_string"}}],"inLanguage":"fi"},{"@type":"Organization","@id":"https:\/\/herbspa.ee\/#organization","name":"Herb Spa","url":"https:\/\/herbspa.ee\/","logo":{"@type":"ImageObject","inLanguage":"fi","@id":"https:\/\/herbspa.ee\/#\/schema\/logo\/image\/","url":"https:\/\/herbspa.ee\/wp-content\/uploads\/2026\/04\/Herb-Spa-logo.png","contentUrl":"https:\/\/herbspa.ee\/wp-content\/uploads\/2026\/04\/Herb-Spa-logo.png","width":204,"height":203,"caption":"Herb Spa"},"image":{"@id":"https:\/\/herbspa.ee\/#\/schema\/logo\/image\/"},"sameAs":["https:\/\/www.facebook.com\/Herbspa.Dorpat\/","https:\/\/www.instagram.com\/herb.spa\/"]}]}},"_links":{"self":[{"href":"https:\/\/herbspa.ee\/fi\/wp-json\/wp\/v2\/pages\/2211","targetHints":{"allow":["GET"]}}],"collection":[{"href":"https:\/\/herbspa.ee\/fi\/wp-json\/wp\/v2\/pages"}],"about":[{"href":"https:\/\/herbspa.ee\/fi\/wp-json\/wp\/v2\/types\/page"}],"author":[{"embeddable":true,"href":"https:\/\/herbspa.ee\/fi\/wp-json\/wp\/v2\/users\/1"}],"replies":[{"embeddable":true,"href":"https:\/\/herbspa.ee\/fi\/wp-json\/wp\/v2\/comments?post=2211"}],"version-history":[{"count":12,"href":"https:\/\/herbspa.ee\/fi\/wp-json\/wp\/v2\/pages\/2211\/revisions"}],"predecessor-version":[{"id":5051,"href":"https:\/\/herbspa.ee\/fi\/wp-json\/wp\/v2\/pages\/2211\/revisions\/5051"}],"wp:featuredmedia":[{"embeddable":true,"href":"https:\/\/herbspa.ee\/fi\/wp-json\/wp\/v2\/media\/3186"}],"wp:attachment":[{"href":"https:\/\/herbspa.ee\/fi\/wp-json\/wp\/v2\/media?parent=2211"}],"curies":[{"name":"wp","href":"https:\/\/api.w.org\/{rel}","templated":true}]}}