{"id":2660,"date":"2017-01-27T09:29:22","date_gmt":"2017-01-27T09:29:22","guid":{"rendered":"https:\/\/herbspa.ee\/home-4\/"},"modified":"2024-04-16T07:03:58","modified_gmt":"2024-04-16T07:03:58","slug":"home-4","status":"publish","type":"page","link":"https:\/\/herbspa.ee\/en\/","title":{"rendered":"Esileht"},"content":{"rendered":"<p>[vc_row][vc_column][rev_slider_vc alias=&#8221;uus-esileht&#8221;]<div style=\"background-color:;height: 50px\" class=\"nicdark_section  \"><\/div><div style=\"background-color:;height: 50px\" class=\"nicdark_section  \"><\/div>[\/vc_column][\/vc_row][vc_row content_placement=&#8221;middle&#8221; css=&#8221;.vc_custom_1551424788068{margin-top: 40px !important;}&#8221;][vc_column width=&#8221;1\/3&#8243;]<div style=\"background-color:;height: 10px\" class=\"nicdark_section  \"><\/div>\n\n  <!--START FOCUS-->\n  <div class=\"nd_options_section nd_options_position_relative  \">\n                      \n      <img decoding=\"async\" alt=\"\" class=\"nd_options_section\" src=\"https:\/\/herbspa.ee\/wp-content\/uploads\/2019\/07\/Herbsoovitab-pealeht_fokus_hover-1024x825.jpg\">\n\n      <div class=\"nd_options_bg_greydark_alpha_gradient nd_options_position_absolute nd_options_left_0 nd_options_height_100_percentage nd_options_width_100_percentage nd_options_padding_30 nd_options_box_sizing_border_box\">\n          \n          <div class=\"nd_options_display_table nd_options_width_100_percentage nd_options_height_100_percentage nd_options_text_align_center\">\n          \n              <div class=\"nd_options_display_table_cell nd_options_vertical_align_bottom\">\n            \n                <a rel=\"\" title=\"\" target=\"_self\" class=\"nd_options_color_white\" href=\"https:\/\/herbspa.ee\/herb-spa-soovitab\/\">\n                  <h4 class=\"nd_options_margin_0_important nd_options_color_white nd_options_color_white nd_options_second_font nd_options_letter_spacing_3 nd_options_font_weight_lighter\">\n                    HERB SPA SOOVITAB\n                  <\/h4>\n                <\/a>\n\n              <\/div>\n\n          <\/div>\n\n      <\/div>\n\n  <\/div>\n  <!--END FOCUS-->\n                \n\n   <div style=\"background-color:;height: 10px\" class=\"nicdark_section  \"><\/div>[\/vc_column][vc_column width=&#8221;1\/3&#8243; css=&#8221;.vc_custom_1562074596658{background-image: url(https:\/\/herbspa.ee\/wp-content\/uploads\/2019\/07\/aaaaaaa.jpg?id=3413) !important;background-position: 0 0 !important;background-repeat: no-repeat !important;}&#8221;]<div style=\"background-color:;height: 50px\" class=\"nicdark_section  \"><\/div>[vc_column_text]<\/p>\n<p style=\"text-align: center;\"><span style=\"color: #ffffff;\">MEIST<\/span><\/p>\n<p style=\"text-align: center;\"><span style=\"color: #ffffff;\">Emajo\u0303e ja kastanipuude ho\u0303lmas, on Herb Spa Tartus pakkumas va\u0308a\u0308rilist rahu ja privaatsust. Meie hoolega valitud rituaalid aitavad puhkajal lo\u0303o\u0303gastuda ja tasakaalu leida. Spaas on harmoonias iidsed traditsioonid, kaasaegne tarkus ja va\u0308a\u0308rikas teenindus!<\/span><\/p>\n<p style=\"text-align: center;\"><span style=\"color: #ffffff;\">Herb Spa &#8211; meelerahu heaks!<\/span><\/p>\n<p>[\/vc_column_text]<div style=\"background-color:;height: 50px\" class=\"nicdark_section  \"><\/div>[\/vc_column][vc_column width=&#8221;1\/3&#8243;]<div style=\"background-color:;height: 10px\" class=\"nicdark_section  \"><\/div>\n\n  <!--START FOCUS-->\n  <div class=\"nd_options_section nd_options_position_relative  \">\n                      \n      <img decoding=\"async\" alt=\"\" class=\"nd_options_section\" src=\"https:\/\/herbspa.ee\/wp-content\/uploads\/2019\/07\/paketid_fokus_hover-1024x825.jpg\">\n\n      <div class=\"nd_options_bg_greydark_alpha_gradient nd_options_position_absolute nd_options_left_0 nd_options_height_100_percentage nd_options_width_100_percentage nd_options_padding_30 nd_options_box_sizing_border_box\">\n          \n          <div class=\"nd_options_display_table nd_options_width_100_percentage nd_options_height_100_percentage nd_options_text_align_center\">\n          \n              <div class=\"nd_options_display_table_cell nd_options_vertical_align_bottom\">\n            \n                <a rel=\"\" title=\"\" target=\"_self\" class=\"nd_options_color_white\" href=\"https:\/\/herbspa.ee\/paketid\/\">\n                  <h4 class=\"nd_options_margin_0_important nd_options_color_white nd_options_color_white nd_options_second_font nd_options_letter_spacing_3 nd_options_font_weight_lighter\">\n                    PAKETID\n                  <\/h4>\n                <\/a>\n\n              <\/div>\n\n          <\/div>\n\n      <\/div>\n\n  <\/div>\n  <!--END FOCUS-->\n                \n\n   <div style=\"background-color:;height: 10px\" class=\"nicdark_section  \"><\/div>[\/vc_column][\/vc_row][vc_row css=&#8221;.vc_custom_1551424801747{margin-top: 50px !important;}&#8221;][vc_column width=&#8221;1\/4&#8243; css=&#8221;.vc_custom_1485526406679{margin-top: 10px !important;margin-bottom: 10px !important;}&#8221;]\n\n  <!--START FOCUS-->\n  <div class=\"nd_options_section nd_options_position_relative face_heading \">\n                      \n      <img decoding=\"async\" alt=\"\" class=\"nd_options_section\" src=\"https:\/\/herbspa.ee\/wp-content\/uploads\/2023\/12\/HerbSpa_06May2019_009_fotoJarekJoepera_ekraanile-1024x683.jpg\">\n\n      <div class=\"nd_options_bg_greydark_alpha_gradient nd_options_position_absolute nd_options_left_0 nd_options_height_100_percentage nd_options_width_100_percentage nd_options_padding_30 nd_options_box_sizing_border_box\">\n          \n          <div class=\"nd_options_display_table nd_options_width_100_percentage nd_options_height_100_percentage nd_options_text_align_center\">\n          \n              <div class=\"nd_options_display_table_cell nd_options_vertical_align_bottom\">\n            \n                <a rel=\"\" title=\"N\u00e4ohoolitsused\" target=\"_self\" class=\"nd_options_color_white\" href=\"https:\/\/herbspa.ee\/naohoolitsused\/\">\n                  <h4 class=\"nd_options_margin_0_important nd_options_color_white nd_options_color_white nd_options_second_font nd_options_letter_spacing_3 nd_options_font_weight_lighter\">\n                    N\u00c4OHOOLITSUSED\n                  <\/h4>\n                <\/a>\n\n              <\/div>\n\n          <\/div>\n\n      <\/div>\n\n  <\/div>\n  <!--END FOCUS-->\n                \n\n   <div style=\"background-color:;height: 30px\" class=\"nicdark_section  \"><\/div>\n\n  <!--START FOCUS-->\n  <div class=\"nd_options_section nd_options_position_relative face_heading \">\n                      \n      <img decoding=\"async\" alt=\"\" class=\"nd_options_section\" src=\"https:\/\/herbspa.ee\/wp-content\/uploads\/2019\/07\/kehahoolitsused_fokus_pealeh_hovert-1024x737.jpg\">\n\n      <div class=\"nd_options_bg_greydark_alpha_gradient nd_options_position_absolute nd_options_left_0 nd_options_height_100_percentage nd_options_width_100_percentage nd_options_padding_30 nd_options_box_sizing_border_box\">\n          \n          <div class=\"nd_options_display_table nd_options_width_100_percentage nd_options_height_100_percentage nd_options_text_align_center\">\n          \n              <div class=\"nd_options_display_table_cell nd_options_vertical_align_bottom\">\n            \n                <a rel=\"\" title=\"\" target=\"_self\" class=\"nd_options_color_white\" href=\"https:\/\/herbspa.ee\/kehahoolitsused\/\">\n                  <h4 class=\"nd_options_margin_0_important nd_options_color_white nd_options_color_white nd_options_second_font nd_options_letter_spacing_3 nd_options_font_weight_lighter\">\n                    KEHAHOOLITSUSED\n                  <\/h4>\n                <\/a>\n\n              <\/div>\n\n          <\/div>\n\n      <\/div>\n\n  <\/div>\n  <!--END FOCUS-->\n                \n\n   [\/vc_column][vc_column width=&#8221;2\/4&#8243; css=&#8221;.vc_custom_1485449123913{margin-top: 10px !important;margin-bottom: 10px !important;}&#8221;]\n\n  <!--START FOCUS-->\n  <div class=\"nd_options_section nd_options_position_relative face_heading \">\n                      \n      <img decoding=\"async\" alt=\"\" class=\"nd_options_section\" src=\"https:\/\/herbspa.ee\/wp-content\/uploads\/2019\/07\/massaazid_fokus_pealeht_1470x1080hover-1024x752.jpg\">\n\n      <div class=\"nd_options_bg_greydark_alpha_gradient nd_options_position_absolute nd_options_left_0 nd_options_height_100_percentage nd_options_width_100_percentage nd_options_padding_30 nd_options_box_sizing_border_box\">\n          \n          <div class=\"nd_options_display_table nd_options_width_100_percentage nd_options_height_100_percentage nd_options_text_align_center\">\n          \n              <div class=\"nd_options_display_table_cell nd_options_vertical_align_bottom\">\n            \n                <a rel=\"\" title=\"Massaa\u017eid\" target=\"_self\" class=\"nd_options_color_white\" href=\"https:\/\/herbspa.ee\/massaazid\/\">\n                  <h4 class=\"nd_options_margin_0_important nd_options_color_white nd_options_color_white nd_options_second_font nd_options_letter_spacing_3 nd_options_font_weight_lighter\">\n                    MASSAA\u017dID\n                  <\/h4>\n                <\/a>\n\n              <\/div>\n\n          <\/div>\n\n      <\/div>\n\n  <\/div>\n  <!--END FOCUS-->\n                \n\n   [\/vc_column][vc_column width=&#8221;1\/4&#8243; css=&#8221;.vc_custom_1485526418518{margin-top: 10px !important;margin-bottom: 10px !important;}&#8221;]\n\n  <!--START FOCUS-->\n  <div class=\"nd_options_section nd_options_position_relative face_heading \">\n                      \n      <img decoding=\"async\" alt=\"\" class=\"nd_options_section\" src=\"https:\/\/herbspa.ee\/wp-content\/uploads\/2019\/07\/Kaed-jalad_fokus_pealeht_hover-1024x737.jpg\">\n\n      <div class=\"nd_options_bg_greydark_alpha_gradient nd_options_position_absolute nd_options_left_0 nd_options_height_100_percentage nd_options_width_100_percentage nd_options_padding_30 nd_options_box_sizing_border_box\">\n          \n          <div class=\"nd_options_display_table nd_options_width_100_percentage nd_options_height_100_percentage nd_options_text_align_center\">\n          \n              <div class=\"nd_options_display_table_cell nd_options_vertical_align_bottom\">\n            \n                <a rel=\"\" title=\"\" target=\"_self\" class=\"nd_options_color_white\" href=\"https:\/\/herbspa.ee\/kate-ja-jalgade-hoolitsused\/\">\n                  <h4 class=\"nd_options_margin_0_important nd_options_color_white nd_options_color_white nd_options_second_font nd_options_letter_spacing_3 nd_options_font_weight_lighter\">\n                    K\u00c4TELE JA JALGADELE\n                  <\/h4>\n                <\/a>\n\n              <\/div>\n\n          <\/div>\n\n      <\/div>\n\n  <\/div>\n  <!--END FOCUS-->\n                \n\n   <div style=\"background-color:;height: 30px\" class=\"nicdark_section  \"><\/div>\n\n  <!--START FOCUS-->\n  <div class=\"nd_options_section nd_options_position_relative face_heading \">\n                      \n      <img decoding=\"async\" alt=\"\" class=\"nd_options_section\" src=\"https:\/\/herbspa.ee\/wp-content\/uploads\/2019\/07\/Vannihoolitsused_fokus_pealeht_hover-1024x737.jpg\">\n\n      <div class=\"nd_options_bg_greydark_alpha_gradient nd_options_position_absolute nd_options_left_0 nd_options_height_100_percentage nd_options_width_100_percentage nd_options_padding_30 nd_options_box_sizing_border_box\">\n          \n          <div class=\"nd_options_display_table nd_options_width_100_percentage nd_options_height_100_percentage nd_options_text_align_center\">\n          \n              <div class=\"nd_options_display_table_cell nd_options_vertical_align_bottom\">\n            \n                <a rel=\"\" title=\"\" target=\"_self\" class=\"nd_options_color_white\" href=\"https:\/\/herbspa.ee\/vannihoolitsused\/\">\n                  <h4 class=\"nd_options_margin_0_important nd_options_color_white nd_options_color_white nd_options_second_font nd_options_letter_spacing_3 nd_options_font_weight_lighter\">\n                    VANNIHOOLITSUSED\n                  <\/h4>\n                <\/a>\n\n              <\/div>\n\n          <\/div>\n\n      <\/div>\n\n  <\/div>\n  <!--END FOCUS-->\n                \n\n   [\/vc_column][\/vc_row][vc_row][vc_column][vc_btn title=&#8221;BRONEERI HOOLITSUS&#8221; color=&#8221;default&#8221; align=&#8221;center&#8221; link=&#8221;url:https%3A%2F%2Fonline.saloninfra.ee%2Fet%2FHerb-Spa|title:hoolitsused|target:_blank|&#8221; css=&#8221;.vc_custom_1713187916759{background-color: #a97145 !important;border-radius: 30px !important;}&#8221;][\/vc_column][\/vc_row]<\/p>\n","protected":false},"excerpt":{"rendered":"<p>[vc_row][vc_column][rev_slider_vc alias=&#8221;uus-esileht&#8221;][\/vc_column][\/vc_row][vc_row content_placement=&#8221;middle&#8221; css=&#8221;.vc_custom_1551424788068{margin-top: 40px !important;}&#8221;][vc_column width=&#8221;1\/3&#8243;][\/vc_column][vc_column width=&#8221;1\/3&#8243; css=&#8221;.vc_custom_1562074596658{background-image: url(https:\/\/herbspa.ee\/wp-content\/uploads\/2019\/07\/aaaaaaa.jpg?id=3413) !important;background-position: 0 0 !important;background-repeat: no-repeat !important;}&#8221;][vc_column_text] MEIST Emajo\u0303e ja kastanipuude ho\u0303lmas, on Herb Spa Tartus pakkumas va\u0308a\u0308rilist rahu ja privaatsust. Meie hoolega valitud rituaalid aitavad puhkajal lo\u0303o\u0303gastuda ja tasakaalu leida. Spaas on harmoonias iidsed traditsioonid, kaasaegne tarkus ja va\u0308a\u0308rikas teenindus! Herb Spa &#8211; meelerahu heaks! [&hellip;]<\/p>\n","protected":false},"author":1,"featured_media":3208,"parent":0,"menu_order":40,"comment_status":"closed","ping_status":"closed","template":"","meta":{"_acf_changed":false,"footnotes":""},"class_list":["post-2660","page","type-page","status-publish","has-post-thumbnail","hentry"],"acf":[],"yoast_head":"<!-- This site is optimized with the Yoast SEO plugin v27.2 - https:\/\/yoast.com\/product\/yoast-seo-wordpress\/ -->\n<title>Esileht | Herb Spa<\/title>\n<meta name=\"robots\" content=\"index, follow, max-snippet:-1, max-image-preview:large, max-video-preview:-1\" \/>\n<link rel=\"canonical\" href=\"https:\/\/herbspa.ee\/\" \/>\n<meta property=\"og:locale\" content=\"en_US\" \/>\n<meta property=\"og:type\" content=\"article\" \/>\n<meta property=\"og:title\" content=\"Herb Spa Tartus\" \/>\n<meta property=\"og:description\" content=\"Uus spa Tartus avas oma uksed m\u00e4rtsis. Herb Spa on pakkumas va\u0308a\u0308rilist rahu ja privaatsust. Teid ootavad massaa\u017eid, keha- ja n\u00e4ohoolitsused, manik\u00fc\u00fcr, pedik\u00fc\u00fcr..\" \/>\n<meta property=\"og:url\" content=\"https:\/\/herbspa.ee\/\" \/>\n<meta property=\"og:site_name\" content=\"Herb Spa\" \/>\n<meta property=\"article:publisher\" content=\"https:\/\/www.facebook.com\/Herbspa.Dorpat\/\" \/>\n<meta property=\"article:modified_time\" content=\"2024-04-16T07:03:58+00:00\" \/>\n<meta property=\"og:image\" content=\"https:\/\/herbspa.ee\/wp-content\/uploads\/2019\/06\/HerbSpa_06May2019_094_fotoJarekJo\u0303epera_ekraanile.jpg\" \/>\n\t<meta property=\"og:image:width\" content=\"1920\" \/>\n\t<meta property=\"og:image:height\" content=\"1080\" \/>\n\t<meta property=\"og:image:type\" content=\"image\/jpeg\" \/>\n<meta name=\"twitter:card\" content=\"summary_large_image\" \/>\n<meta name=\"twitter:label1\" content=\"Est. reading time\" \/>\n\t<meta name=\"twitter:data1\" content=\"1 minute\" \/>\n<script type=\"application\/ld+json\" class=\"yoast-schema-graph\">{\"@context\":\"https:\/\/schema.org\",\"@graph\":[{\"@type\":\"WebPage\",\"@id\":\"https:\/\/herbspa.ee\/\",\"url\":\"https:\/\/herbspa.ee\/\",\"name\":\"Esileht | Herb Spa\",\"isPartOf\":{\"@id\":\"https:\/\/herbspa.ee\/#website\"},\"primaryImageOfPage\":{\"@id\":\"https:\/\/herbspa.ee\/#primaryimage\"},\"image\":{\"@id\":\"https:\/\/herbspa.ee\/#primaryimage\"},\"thumbnailUrl\":\"https:\/\/herbspa.ee\/wp-content\/uploads\/2019\/07\/paketid_fokus_hover.jpg\",\"datePublished\":\"2017-01-27T09:29:22+00:00\",\"dateModified\":\"2024-04-16T07:03:58+00:00\",\"breadcrumb\":{\"@id\":\"https:\/\/herbspa.ee\/#breadcrumb\"},\"inLanguage\":\"en-US\",\"potentialAction\":[{\"@type\":\"ReadAction\",\"target\":[\"https:\/\/herbspa.ee\/\"]}]},{\"@type\":\"ImageObject\",\"inLanguage\":\"en-US\",\"@id\":\"https:\/\/herbspa.ee\/#primaryimage\",\"url\":\"https:\/\/herbspa.ee\/wp-content\/uploads\/2019\/07\/paketid_fokus_hover.jpg\",\"contentUrl\":\"https:\/\/herbspa.ee\/wp-content\/uploads\/2019\/07\/paketid_fokus_hover.jpg\",\"width\":1340,\"height\":1080},{\"@type\":\"BreadcrumbList\",\"@id\":\"https:\/\/herbspa.ee\/#breadcrumb\",\"itemListElement\":[{\"@type\":\"ListItem\",\"position\":1,\"name\":\"Home\",\"item\":\"https:\/\/herbspa.ee\/\"},{\"@type\":\"ListItem\",\"position\":2,\"name\":\"Esileht\"}]},{\"@type\":\"WebSite\",\"@id\":\"https:\/\/herbspa.ee\/#website\",\"url\":\"https:\/\/herbspa.ee\/\",\"name\":\"Herb Spa\",\"description\":\"\",\"publisher\":{\"@id\":\"https:\/\/herbspa.ee\/#organization\"},\"potentialAction\":[{\"@type\":\"SearchAction\",\"target\":{\"@type\":\"EntryPoint\",\"urlTemplate\":\"https:\/\/herbspa.ee\/?s={search_term_string}\"},\"query-input\":{\"@type\":\"PropertyValueSpecification\",\"valueRequired\":true,\"valueName\":\"search_term_string\"}}],\"inLanguage\":\"en-US\"},{\"@type\":\"Organization\",\"@id\":\"https:\/\/herbspa.ee\/#organization\",\"name\":\"Herb Spa\",\"url\":\"https:\/\/herbspa.ee\/\",\"logo\":{\"@type\":\"ImageObject\",\"inLanguage\":\"en-US\",\"@id\":\"https:\/\/herbspa.ee\/#\/schema\/logo\/image\/\",\"url\":\"https:\/\/herbspa.ee\/wp-content\/uploads\/2026\/04\/Herb-Spa-logo.png\",\"contentUrl\":\"https:\/\/herbspa.ee\/wp-content\/uploads\/2026\/04\/Herb-Spa-logo.png\",\"width\":204,\"height\":203,\"caption\":\"Herb Spa\"},\"image\":{\"@id\":\"https:\/\/herbspa.ee\/#\/schema\/logo\/image\/\"},\"sameAs\":[\"https:\/\/www.facebook.com\/Herbspa.Dorpat\/\",\"https:\/\/www.instagram.com\/herb.spa\/\"]}]}<\/script>\n<!-- \/ Yoast SEO plugin. -->","yoast_head_json":{"title":"Esileht | Herb Spa","robots":{"index":"index","follow":"follow","max-snippet":"max-snippet:-1","max-image-preview":"max-image-preview:large","max-video-preview":"max-video-preview:-1"},"canonical":"https:\/\/herbspa.ee\/","og_locale":"en_US","og_type":"article","og_title":"Herb Spa Tartus","og_description":"Uus spa Tartus avas oma uksed m\u00e4rtsis. Herb Spa on pakkumas va\u0308a\u0308rilist rahu ja privaatsust. Teid ootavad massaa\u017eid, keha- ja n\u00e4ohoolitsused, manik\u00fc\u00fcr, pedik\u00fc\u00fcr..","og_url":"https:\/\/herbspa.ee\/","og_site_name":"Herb Spa","article_publisher":"https:\/\/www.facebook.com\/Herbspa.Dorpat\/","article_modified_time":"2024-04-16T07:03:58+00:00","og_image":[{"width":1920,"height":1080,"url":"https:\/\/herbspa.ee\/wp-content\/uploads\/2019\/06\/HerbSpa_06May2019_094_fotoJarekJo\u0303epera_ekraanile.jpg","type":"image\/jpeg"}],"twitter_card":"summary_large_image","twitter_misc":{"Est. reading time":"1 minute"},"schema":{"@context":"https:\/\/schema.org","@graph":[{"@type":"WebPage","@id":"https:\/\/herbspa.ee\/","url":"https:\/\/herbspa.ee\/","name":"Esileht | Herb Spa","isPartOf":{"@id":"https:\/\/herbspa.ee\/#website"},"primaryImageOfPage":{"@id":"https:\/\/herbspa.ee\/#primaryimage"},"image":{"@id":"https:\/\/herbspa.ee\/#primaryimage"},"thumbnailUrl":"https:\/\/herbspa.ee\/wp-content\/uploads\/2019\/07\/paketid_fokus_hover.jpg","datePublished":"2017-01-27T09:29:22+00:00","dateModified":"2024-04-16T07:03:58+00:00","breadcrumb":{"@id":"https:\/\/herbspa.ee\/#breadcrumb"},"inLanguage":"en-US","potentialAction":[{"@type":"ReadAction","target":["https:\/\/herbspa.ee\/"]}]},{"@type":"ImageObject","inLanguage":"en-US","@id":"https:\/\/herbspa.ee\/#primaryimage","url":"https:\/\/herbspa.ee\/wp-content\/uploads\/2019\/07\/paketid_fokus_hover.jpg","contentUrl":"https:\/\/herbspa.ee\/wp-content\/uploads\/2019\/07\/paketid_fokus_hover.jpg","width":1340,"height":1080},{"@type":"BreadcrumbList","@id":"https:\/\/herbspa.ee\/#breadcrumb","itemListElement":[{"@type":"ListItem","position":1,"name":"Home","item":"https:\/\/herbspa.ee\/"},{"@type":"ListItem","position":2,"name":"Esileht"}]},{"@type":"WebSite","@id":"https:\/\/herbspa.ee\/#website","url":"https:\/\/herbspa.ee\/","name":"Herb Spa","description":"","publisher":{"@id":"https:\/\/herbspa.ee\/#organization"},"potentialAction":[{"@type":"SearchAction","target":{"@type":"EntryPoint","urlTemplate":"https:\/\/herbspa.ee\/?s={search_term_string}"},"query-input":{"@type":"PropertyValueSpecification","valueRequired":true,"valueName":"search_term_string"}}],"inLanguage":"en-US"},{"@type":"Organization","@id":"https:\/\/herbspa.ee\/#organization","name":"Herb Spa","url":"https:\/\/herbspa.ee\/","logo":{"@type":"ImageObject","inLanguage":"en-US","@id":"https:\/\/herbspa.ee\/#\/schema\/logo\/image\/","url":"https:\/\/herbspa.ee\/wp-content\/uploads\/2026\/04\/Herb-Spa-logo.png","contentUrl":"https:\/\/herbspa.ee\/wp-content\/uploads\/2026\/04\/Herb-Spa-logo.png","width":204,"height":203,"caption":"Herb Spa"},"image":{"@id":"https:\/\/herbspa.ee\/#\/schema\/logo\/image\/"},"sameAs":["https:\/\/www.facebook.com\/Herbspa.Dorpat\/","https:\/\/www.instagram.com\/herb.spa\/"]}]}},"_links":{"self":[{"href":"https:\/\/herbspa.ee\/en\/wp-json\/wp\/v2\/pages\/2660","targetHints":{"allow":["GET"]}}],"collection":[{"href":"https:\/\/herbspa.ee\/en\/wp-json\/wp\/v2\/pages"}],"about":[{"href":"https:\/\/herbspa.ee\/en\/wp-json\/wp\/v2\/types\/page"}],"author":[{"embeddable":true,"href":"https:\/\/herbspa.ee\/en\/wp-json\/wp\/v2\/users\/1"}],"replies":[{"embeddable":true,"href":"https:\/\/herbspa.ee\/en\/wp-json\/wp\/v2\/comments?post=2660"}],"version-history":[{"count":18,"href":"https:\/\/herbspa.ee\/en\/wp-json\/wp\/v2\/pages\/2660\/revisions"}],"predecessor-version":[{"id":8179,"href":"https:\/\/herbspa.ee\/en\/wp-json\/wp\/v2\/pages\/2660\/revisions\/8179"}],"wp:featuredmedia":[{"embeddable":true,"href":"https:\/\/herbspa.ee\/en\/wp-json\/wp\/v2\/media\/3208"}],"wp:attachment":[{"href":"https:\/\/herbspa.ee\/en\/wp-json\/wp\/v2\/media?parent=2660"}],"curies":[{"name":"wp","href":"https:\/\/api.w.org\/{rel}","templated":true}]}}